{"id":1182,"date":"2018-01-29T09:01:57","date_gmt":"2018-01-29T08:01:57","guid":{"rendered":"http:\/\/mtbranding.eu\/?page_id=1182"},"modified":"2018-01-29T09:01:57","modified_gmt":"2018-01-29T08:01:57","slug":"nosaltres","status":"publish","type":"page","link":"https:\/\/mobiltras.com\/ca\/nosaltres\/","title":{"rendered":"Nosaltres"},"content":{"rendered":"<p>[et_pb_section bb_built=&#8221;1&#8243; fullwidth=&#8221;on&#8221; specialty=&#8221;off&#8221; _builder_version=&#8221;3.0.61&#8243; custom_padding=&#8221;||0px|&#8221;][et_pb_fullwidth_header _builder_version=&#8221;3.0.61&#8243; title=&#8221;Nosotros&#8221; background_image=&#8221;http:\/\/mtbranding.eu\/wp-content\/uploads\/2017\/07\/header_nosotros-1.jpg&#8221; text_orientation=&#8221;center&#8221; header_fullscreen=&#8221;off&#8221; header_scroll_down=&#8221;off&#8221; image_orientation=&#8221;center&#8221; background_layout=&#8221;dark&#8221; content_orientation=&#8221;center&#8221; custom_button_one=&#8221;off&#8221; button_one_border_width=&#8221;0&#8243; button_one_letter_spacing=&#8221;0&#8243; button_one_icon_placement=&#8221;right&#8221; button_one_letter_spacing_hover=&#8221;0&#8243; custom_button_two=&#8221;off&#8221; button_two_border_width=&#8221;0&#8243; button_two_letter_spacing=&#8221;0&#8243; button_two_icon_placement=&#8221;right&#8221; button_two_letter_spacing_hover=&#8221;0&#8243; module_class=&#8221;box_header&#8221; background_position=&#8221;top_left&#8221; background_repeat=&#8221;repeat&#8221; background_size=&#8221;initial&#8221; \/][\/et_pb_section][et_pb_section bb_built=&#8221;1&#8243; _builder_version=&#8221;3.0.61&#8243; custom_padding=&#8221;0px|20%|30px|20%&#8221; custom_padding_tablet=&#8221;0px||30px|&#8221; custom_padding_last_edited=&#8221;on|desktop&#8221;][et_pb_row _builder_version=&#8221;3.0.61&#8243; background_position_1=&#8221;top_left&#8221; background_repeat_1=&#8221;no-repeat&#8221; custom_margin=&#8221;20px|||&#8221;][et_pb_column type=&#8221;4_4&#8243;][et_pb_code admin_label=&#8221;breadcrumb&#8221; _builder_version=&#8221;3.0.61&#8243; module_class=&#8221;header_breadcrumb&#8221;][yoast-breadcrumb][\/et_pb_code][\/et_pb_column][\/et_pb_row][et_pb_row _builder_version=&#8221;3.0.61&#8243; background_position_1=&#8221;top_left&#8221; background_repeat_1=&#8221;no-repeat&#8221; custom_margin=&#8221;||0px|&#8221; custom_padding=&#8221;||0px|&#8221;][et_pb_column type=&#8221;4_4&#8243;][et_pb_sidebar admin_label=&#8221;Men\u00fa&#8221; _builder_version=&#8221;3.0.61&#8243; area=&#8221;et_pb_widget_area_3&#8243; orientation=&#8221;left&#8221; remove_border=&#8221;on&#8221; background_layout=&#8221;light&#8221; module_class=&#8221;sidebar_producto_menu&#8221; \/][\/et_pb_column][\/et_pb_row][et_pb_row _builder_version=&#8221;3.0.61&#8243; background_position_1=&#8221;top_left&#8221; background_repeat_1=&#8221;no-repeat&#8221; background_position_2=&#8221;top_left&#8221; background_repeat_2=&#8221;no-repeat&#8221; background_position_3=&#8221;top_left&#8221; background_repeat_3=&#8221;no-repeat&#8221; background_position_4=&#8221;top_left&#8221; background_repeat_4=&#8221;no-repeat&#8221; use_custom_gutter=&#8221;on&#8221; gutter_width=&#8221;2&#8243;][et_pb_column type=&#8221;4_4&#8243;][et_pb_text admin_label=&#8221;T\u00edtulo Producto&#8221; _builder_version=&#8221;3.0.61&#8243; background_layout=&#8221;light&#8221; text_orientation=&#8221;left&#8221; border_style=&#8221;solid&#8221;]<\/p>\n<h2>Nosaltres<\/h2>\n<h3>Comunicaci\u00f3 Sense l\u00edmits<\/h3>\n<p>[\/et_pb_text][et_pb_text admin_label=&#8221;Texto destacado&#8221; _builder_version=&#8221;3.0.61&#8243; background_layout=&#8221;light&#8221; text_orientation=&#8221;left&#8221; border_style=&#8221;solid&#8221; module_class=&#8221;box_txt_destacado&#8221;]<\/p>\n<p>A <strong>MT MOBILTRA\u00c7 BRANDING<\/strong>, el nostre principal objectiu \u00e9s COMUNICAR, expressar les idees dels nostres clients a trav\u00e9s dels materials, del volum y de la forma.<\/p>\n<p>[\/et_pb_text][et_pb_text _builder_version=&#8221;3.0.61&#8243; background_layout=&#8221;light&#8221; text_orientation=&#8221;left&#8221; border_style=&#8221;solid&#8221;]<\/p>\n<p>Al llarg dels anys, hem apr\u00e8s a treballar amb una \u00fanica premissa, sabem que LA COMUNICACI\u00d3 NO T\u00c9 L\u00cdMITS.<\/p>\n<p>Ens avala una \u00e0mplia traject\u00f2ria y una gran experi\u00e8ncia professional que va comen\u00e7ar amb en Ramon Boronat, soci fundador de Mobiltra\u00e7, i pioner en el sector de la retolaci\u00f3 adhesiva a finals dels anys 80.<\/p>\n<p>La nostra empresa s\u2019inici\u00e0 coma una delegaci\u00f3 de Fasson a Sabadell, en un petit local de 25 m2 i hem anat creixent de manera imparable fins avui. L\u2019ampliaci\u00f3 i la diversificaci\u00f3 de la nostra activitat, la incorporaci\u00f3 de noves tecnologies y la confian\u00e7a dels nostres clients, han fet de Mobiltra\u00e7 una gran empresa. Avui, tenim un espai de fabricaci\u00f3 y d\u2019emmagatzematge propis de m\u00e9s de 2.000 m2.<\/p>\n<p>El nostre ofici ens apassiona. Transformem les idees en projectes tangibles, apostem per la tecnologia y pels materials i apliquem sempre el criteri millor per al desenvolupament de qualsevol tipus de projecte.<\/p>\n<p>L\u2019origen de la nostra marca es fonamenta en dues paraules:<\/p>\n<p><strong>MOBIL<\/strong> que defineix la instal\u2022laci\u00f3, l\u2019organitzaci\u00f3, la coordinaci\u00f3 i la log\u00edstica d\u2019un projecte.<br \/>\n<strong>TRA\u00c7<\/strong> perqu\u00e8 creiem en el concepte, el tra\u00e7at i les idees dels nostres clients.<\/p>\n<p>[\/et_pb_text][\/et_pb_column][\/et_pb_row][\/et_pb_section]<\/p>\n","protected":false},"excerpt":{"rendered":"<p>[et_pb_section bb_built=&#8221;1&#8243; fullwidth=&#8221;on&#8221; specialty=&#8221;off&#8221; _builder_version=&#8221;3.0.61&#8243; custom_padding=&#8221;||0px|&#8221;][et_pb_fullwidth_header _builder_version=&#8221;3.0.61&#8243; title=&#8221;Nosotros&#8221; background_image=&#8221;http:\/\/mtbranding.eu\/wp-content\/uploads\/2017\/07\/header_nosotros-1.jpg&#8221; text_orientation=&#8221;center&#8221; header_fullscreen=&#8221;off&#8221; header_scroll_down=&#8221;off&#8221; image_orientation=&#8221;center&#8221; background_layout=&#8221;dark&#8221; content_orientation=&#8221;center&#8221; custom_button_one=&#8221;off&#8221; button_one_border_width=&#8221;0&#8243; button_one_letter_spacing=&#8221;0&#8243; button_one_icon_placement=&#8221;right&#8221; button_one_letter_spacing_hover=&#8221;0&#8243; custom_button_two=&#8221;off&#8221; button_two_border_width=&#8221;0&#8243; button_two_letter_spacing=&#8221;0&#8243; button_two_icon_placement=&#8221;right&#8221; button_two_letter_spacing_hover=&#8221;0&#8243; module_class=&#8221;box_header&#8221; background_position=&#8221;top_left&#8221; background_repeat=&#8221;repeat&#8221; background_size=&#8221;initial&#8221; \/][\/et_pb_section][et_pb_section bb_built=&#8221;1&#8243; _builder_version=&#8221;3.0.61&#8243; custom_padding=&#8221;0px|20%|30px|20%&#8221; custom_padding_tablet=&#8221;0px||30px|&#8221; custom_padding_last_edited=&#8221;on|desktop&#8221;][et_pb_row _builder_version=&#8221;3.0.61&#8243; background_position_1=&#8221;top_left&#8221; background_repeat_1=&#8221;no-repeat&#8221; custom_margin=&#8221;20px|||&#8221;][et_pb_column type=&#8221;4_4&#8243;][et_pb_code admin_label=&#8221;breadcrumb&#8221; _builder_version=&#8221;3.0.61&#8243; module_class=&#8221;header_breadcrumb&#8221;][yoast-breadcrumb][\/et_pb_code][\/et_pb_column][\/et_pb_row][et_pb_row _builder_version=&#8221;3.0.61&#8243; background_position_1=&#8221;top_left&#8221; background_repeat_1=&#8221;no-repeat&#8221; custom_margin=&#8221;||0px|&#8221; custom_padding=&#8221;||0px|&#8221;][et_pb_column type=&#8221;4_4&#8243;][et_pb_sidebar admin_label=&#8221;Men\u00fa&#8221; _builder_version=&#8221;3.0.61&#8243; area=&#8221;et_pb_widget_area_3&#8243; orientation=&#8221;left&#8221; remove_border=&#8221;on&#8221; background_layout=&#8221;light&#8221; [&hellip;]<\/p>\n","protected":false},"author":5,"featured_media":0,"parent":0,"menu_order":0,"comment_status":"closed","ping_status":"closed","template":"","meta":{"_et_pb_use_builder":"on","_et_pb_old_content":"","_et_gb_content_width":"","_monsterinsights_skip_tracking":false,"_monsterinsights_sitenote_active":false,"_monsterinsights_sitenote_note":"","_monsterinsights_sitenote_category":0,"footnotes":""},"yoast_head":"<!-- This site is optimized with the Yoast SEO plugin v21.2 - https:\/\/yoast.com\/wordpress\/plugins\/seo\/ -->\n<title>Nosaltres - Mobiltras<\/title>\n<meta name=\"robots\" content=\"index, follow, max-snippet:-1, max-image-preview:large, max-video-preview:-1\" \/>\n<link rel=\"canonical\" href=\"https:\/\/mobiltras.com\/ca\/nosotros\/\" \/>\n<meta property=\"og:locale\" content=\"ca_ES\" \/>\n<meta property=\"og:type\" content=\"article\" \/>\n<meta property=\"og:title\" content=\"Nosaltres - Mobiltras\" \/>\n<meta property=\"og:description\" content=\"[et_pb_section bb_built=&#8221;1&#8243; fullwidth=&#8221;on&#8221; specialty=&#8221;off&#8221; _builder_version=&#8221;3.0.61&#8243; custom_padding=&#8221;||0px|&#8221;][et_pb_fullwidth_header _builder_version=&#8221;3.0.61&#8243; title=&#8221;Nosotros&#8221; background_image=&#8221;http:\/\/mtbranding.eu\/wp-content\/uploads\/2017\/07\/header_nosotros-1.jpg&#8221; text_orientation=&#8221;center&#8221; header_fullscreen=&#8221;off&#8221; header_scroll_down=&#8221;off&#8221; image_orientation=&#8221;center&#8221; background_layout=&#8221;dark&#8221; content_orientation=&#8221;center&#8221; custom_button_one=&#8221;off&#8221; button_one_border_width=&#8221;0&#8243; button_one_letter_spacing=&#8221;0&#8243; button_one_icon_placement=&#8221;right&#8221; button_one_letter_spacing_hover=&#8221;0&#8243; custom_button_two=&#8221;off&#8221; button_two_border_width=&#8221;0&#8243; button_two_letter_spacing=&#8221;0&#8243; button_two_icon_placement=&#8221;right&#8221; button_two_letter_spacing_hover=&#8221;0&#8243; module_class=&#8221;box_header&#8221; background_position=&#8221;top_left&#8221; background_repeat=&#8221;repeat&#8221; background_size=&#8221;initial&#8221; \/][\/et_pb_section][et_pb_section bb_built=&#8221;1&#8243; _builder_version=&#8221;3.0.61&#8243; custom_padding=&#8221;0px|20%|30px|20%&#8221; custom_padding_tablet=&#8221;0px||30px|&#8221; custom_padding_last_edited=&#8221;on|desktop&#8221;][et_pb_row _builder_version=&#8221;3.0.61&#8243; background_position_1=&#8221;top_left&#8221; background_repeat_1=&#8221;no-repeat&#8221; custom_margin=&#8221;20px|||&#8221;][et_pb_column type=&#8221;4_4&#8243;][et_pb_code admin_label=&#8221;breadcrumb&#8221; _builder_version=&#8221;3.0.61&#8243; module_class=&#8221;header_breadcrumb&#8221;][yoast-breadcrumb][\/et_pb_code][\/et_pb_column][\/et_pb_row][et_pb_row _builder_version=&#8221;3.0.61&#8243; background_position_1=&#8221;top_left&#8221; background_repeat_1=&#8221;no-repeat&#8221; custom_margin=&#8221;||0px|&#8221; custom_padding=&#8221;||0px|&#8221;][et_pb_column type=&#8221;4_4&#8243;][et_pb_sidebar admin_label=&#8221;Men\u00fa&#8221; _builder_version=&#8221;3.0.61&#8243; area=&#8221;et_pb_widget_area_3&#8243; orientation=&#8221;left&#8221; remove_border=&#8221;on&#8221; background_layout=&#8221;light&#8221; [&hellip;]\" \/>\n<meta property=\"og:url\" content=\"https:\/\/mobiltras.com\/nosotros\/\" \/>\n<meta property=\"og:site_name\" content=\"Mobiltras\" \/>\n<meta property=\"article:publisher\" content=\"https:\/\/www.facebook.com\/mobiltras\/\" \/>\n<meta name=\"twitter:card\" content=\"summary_large_image\" \/>\n<meta name=\"twitter:site\" content=\"@mt_branding\" \/>\n<meta name=\"twitter:label1\" content=\"Est. reading time\" \/>\n\t<meta name=\"twitter:data1\" content=\"3 minutes\" \/>\n<script type=\"application\/ld+json\" class=\"yoast-schema-graph\">{\"@context\":\"https:\/\/schema.org\",\"@graph\":[{\"@type\":\"WebPage\",\"@id\":\"https:\/\/mobiltras.com\/nosotros\/\",\"url\":\"https:\/\/mobiltras.com\/nosotros\/\",\"name\":\"Nosaltres - Mobiltras\",\"isPartOf\":{\"@id\":\"https:\/\/mobiltras.com\/#website\"},\"datePublished\":\"2018-01-29T08:01:57+00:00\",\"dateModified\":\"2018-01-29T08:01:57+00:00\",\"breadcrumb\":{\"@id\":\"https:\/\/mobiltras.com\/nosotros\/#breadcrumb\"},\"inLanguage\":\"ca-ES\",\"potentialAction\":[{\"@type\":\"ReadAction\",\"target\":[\"https:\/\/mobiltras.com\/nosotros\/\"]}]},{\"@type\":\"BreadcrumbList\",\"@id\":\"https:\/\/mobiltras.com\/nosotros\/#breadcrumb\",\"itemListElement\":[{\"@type\":\"ListItem\",\"position\":1,\"name\":\"Inicio\",\"item\":\"https:\/\/mobiltras.com\/\"},{\"@type\":\"ListItem\",\"position\":2,\"name\":\"Nosaltres\"}]},{\"@type\":\"WebSite\",\"@id\":\"https:\/\/mobiltras.com\/#website\",\"url\":\"https:\/\/mobiltras.com\/\",\"name\":\"Mobiltras\",\"description\":\"Soluciones Integrales de Comunicaci\u00f3n\",\"publisher\":{\"@id\":\"https:\/\/mobiltras.com\/#organization\"},\"potentialAction\":[{\"@type\":\"SearchAction\",\"target\":{\"@type\":\"EntryPoint\",\"urlTemplate\":\"https:\/\/mobiltras.com\/?s={search_term_string}\"},\"query-input\":\"required name=search_term_string\"}],\"inLanguage\":\"ca-ES\"},{\"@type\":\"Organization\",\"@id\":\"https:\/\/mobiltras.com\/#organization\",\"name\":\"MT Mobiltra\u00e7 Branding\",\"url\":\"https:\/\/mobiltras.com\/\",\"logo\":{\"@type\":\"ImageObject\",\"inLanguage\":\"ca-ES\",\"@id\":\"https:\/\/mobiltras.com\/#\/schema\/logo\/image\/\",\"url\":\"https:\/\/mtbranding.eu\/wp-content\/uploads\/2018\/09\/logoMT_2018.png\",\"contentUrl\":\"https:\/\/mtbranding.eu\/wp-content\/uploads\/2018\/09\/logoMT_2018.png\",\"width\":816,\"height\":369,\"caption\":\"MT Mobiltra\u00e7 Branding\"},\"image\":{\"@id\":\"https:\/\/mobiltras.com\/#\/schema\/logo\/image\/\"},\"sameAs\":[\"https:\/\/www.facebook.com\/mobiltras\/\",\"https:\/\/twitter.com\/mt_branding\",\"https:\/\/www.instagram.com\/mt.mobiltras\/\",\"https:\/\/www.linkedin.com\/company\/mtmobiltrasbranding\",\"https:\/\/www.youtube.com\/channel\/UCoKRO4IbOLeN3LT2ISsfEqA\"]}]}<\/script>\n<!-- \/ Yoast SEO plugin. -->","yoast_head_json":{"title":"Nosaltres - Mobiltras","robots":{"index":"index","follow":"follow","max-snippet":"max-snippet:-1","max-image-preview":"max-image-preview:large","max-video-preview":"max-video-preview:-1"},"canonical":"https:\/\/mobiltras.com\/ca\/nosotros\/","og_locale":"ca_ES","og_type":"article","og_title":"Nosaltres - Mobiltras","og_description":"[et_pb_section bb_built=&#8221;1&#8243; fullwidth=&#8221;on&#8221; specialty=&#8221;off&#8221; _builder_version=&#8221;3.0.61&#8243; custom_padding=&#8221;||0px|&#8221;][et_pb_fullwidth_header _builder_version=&#8221;3.0.61&#8243; title=&#8221;Nosotros&#8221; background_image=&#8221;http:\/\/mtbranding.eu\/wp-content\/uploads\/2017\/07\/header_nosotros-1.jpg&#8221; text_orientation=&#8221;center&#8221; header_fullscreen=&#8221;off&#8221; header_scroll_down=&#8221;off&#8221; image_orientation=&#8221;center&#8221; background_layout=&#8221;dark&#8221; content_orientation=&#8221;center&#8221; custom_button_one=&#8221;off&#8221; button_one_border_width=&#8221;0&#8243; button_one_letter_spacing=&#8221;0&#8243; button_one_icon_placement=&#8221;right&#8221; button_one_letter_spacing_hover=&#8221;0&#8243; custom_button_two=&#8221;off&#8221; button_two_border_width=&#8221;0&#8243; button_two_letter_spacing=&#8221;0&#8243; button_two_icon_placement=&#8221;right&#8221; button_two_letter_spacing_hover=&#8221;0&#8243; module_class=&#8221;box_header&#8221; background_position=&#8221;top_left&#8221; background_repeat=&#8221;repeat&#8221; background_size=&#8221;initial&#8221; \/][\/et_pb_section][et_pb_section bb_built=&#8221;1&#8243; _builder_version=&#8221;3.0.61&#8243; custom_padding=&#8221;0px|20%|30px|20%&#8221; custom_padding_tablet=&#8221;0px||30px|&#8221; custom_padding_last_edited=&#8221;on|desktop&#8221;][et_pb_row _builder_version=&#8221;3.0.61&#8243; background_position_1=&#8221;top_left&#8221; background_repeat_1=&#8221;no-repeat&#8221; custom_margin=&#8221;20px|||&#8221;][et_pb_column type=&#8221;4_4&#8243;][et_pb_code admin_label=&#8221;breadcrumb&#8221; _builder_version=&#8221;3.0.61&#8243; module_class=&#8221;header_breadcrumb&#8221;][yoast-breadcrumb][\/et_pb_code][\/et_pb_column][\/et_pb_row][et_pb_row _builder_version=&#8221;3.0.61&#8243; background_position_1=&#8221;top_left&#8221; background_repeat_1=&#8221;no-repeat&#8221; custom_margin=&#8221;||0px|&#8221; custom_padding=&#8221;||0px|&#8221;][et_pb_column type=&#8221;4_4&#8243;][et_pb_sidebar admin_label=&#8221;Men\u00fa&#8221; _builder_version=&#8221;3.0.61&#8243; area=&#8221;et_pb_widget_area_3&#8243; orientation=&#8221;left&#8221; remove_border=&#8221;on&#8221; background_layout=&#8221;light&#8221; [&hellip;]","og_url":"https:\/\/mobiltras.com\/nosotros\/","og_site_name":"Mobiltras","article_publisher":"https:\/\/www.facebook.com\/mobiltras\/","twitter_card":"summary_large_image","twitter_site":"@mt_branding","twitter_misc":{"Est. reading time":"3 minutes"},"schema":{"@context":"https:\/\/schema.org","@graph":[{"@type":"WebPage","@id":"https:\/\/mobiltras.com\/nosotros\/","url":"https:\/\/mobiltras.com\/nosotros\/","name":"Nosaltres - Mobiltras","isPartOf":{"@id":"https:\/\/mobiltras.com\/#website"},"datePublished":"2018-01-29T08:01:57+00:00","dateModified":"2018-01-29T08:01:57+00:00","breadcrumb":{"@id":"https:\/\/mobiltras.com\/nosotros\/#breadcrumb"},"inLanguage":"ca-ES","potentialAction":[{"@type":"ReadAction","target":["https:\/\/mobiltras.com\/nosotros\/"]}]},{"@type":"BreadcrumbList","@id":"https:\/\/mobiltras.com\/nosotros\/#breadcrumb","itemListElement":[{"@type":"ListItem","position":1,"name":"Inicio","item":"https:\/\/mobiltras.com\/"},{"@type":"ListItem","position":2,"name":"Nosaltres"}]},{"@type":"WebSite","@id":"https:\/\/mobiltras.com\/#website","url":"https:\/\/mobiltras.com\/","name":"Mobiltras","description":"Soluciones Integrales de Comunicaci\u00f3n","publisher":{"@id":"https:\/\/mobiltras.com\/#organization"},"potentialAction":[{"@type":"SearchAction","target":{"@type":"EntryPoint","urlTemplate":"https:\/\/mobiltras.com\/?s={search_term_string}"},"query-input":"required name=search_term_string"}],"inLanguage":"ca-ES"},{"@type":"Organization","@id":"https:\/\/mobiltras.com\/#organization","name":"MT Mobiltra\u00e7 Branding","url":"https:\/\/mobiltras.com\/","logo":{"@type":"ImageObject","inLanguage":"ca-ES","@id":"https:\/\/mobiltras.com\/#\/schema\/logo\/image\/","url":"https:\/\/mtbranding.eu\/wp-content\/uploads\/2018\/09\/logoMT_2018.png","contentUrl":"https:\/\/mtbranding.eu\/wp-content\/uploads\/2018\/09\/logoMT_2018.png","width":816,"height":369,"caption":"MT Mobiltra\u00e7 Branding"},"image":{"@id":"https:\/\/mobiltras.com\/#\/schema\/logo\/image\/"},"sameAs":["https:\/\/www.facebook.com\/mobiltras\/","https:\/\/twitter.com\/mt_branding","https:\/\/www.instagram.com\/mt.mobiltras\/","https:\/\/www.linkedin.com\/company\/mtmobiltrasbranding","https:\/\/www.youtube.com\/channel\/UCoKRO4IbOLeN3LT2ISsfEqA"]}]}},"_links":{"self":[{"href":"https:\/\/mobiltras.com\/ca\/wp-json\/wp\/v2\/pages\/1182\/"}],"collection":[{"href":"https:\/\/mobiltras.com\/ca\/wp-json\/wp\/v2\/pages\/"}],"about":[{"href":"https:\/\/mobiltras.com\/ca\/wp-json\/wp\/v2\/types\/page\/"}],"author":[{"embeddable":true,"href":"https:\/\/mobiltras.com\/ca\/wp-json\/wp\/v2\/users\/5\/"}],"replies":[{"embeddable":true,"href":"https:\/\/mobiltras.com\/ca\/wp-json\/wp\/v2\/comments\/?post=1182"}],"version-history":[{"count":1,"href":"https:\/\/mobiltras.com\/ca\/wp-json\/wp\/v2\/pages\/1182\/revisions\/"}],"predecessor-version":[{"id":1183,"href":"https:\/\/mobiltras.com\/ca\/wp-json\/wp\/v2\/pages\/1182\/revisions\/1183\/"}],"wp:attachment":[{"href":"https:\/\/mobiltras.com\/ca\/wp-json\/wp\/v2\/media\/?parent=1182"}],"curies":[{"name":"wp","href":"https:\/\/api.w.org\/{rel}","templated":true}]}}