{"id":1190,"date":"2018-01-29T09:46:06","date_gmt":"2018-01-29T08:46:06","guid":{"rendered":"http:\/\/mtbranding.eu\/?page_id=1190"},"modified":"2018-02-09T12:19:13","modified_gmt":"2018-02-09T11:19:13","slug":"solucions-integrals","status":"publish","type":"page","link":"https:\/\/mobiltras.com\/ca\/solucions-integrals\/","title":{"rendered":"Solucions integrals"},"content":{"rendered":"<p>[et_pb_section fb_built=&#8221;1&#8243; custom_padding=&#8221;||0px|&#8221; fullwidth=&#8221;on&#8221; _builder_version=&#8221;3.0.61&#8243;][et_pb_fullwidth_header title=&#8221;Solucions integrals&#8221; background_layout=&#8221;dark&#8221; text_orientation=&#8221;center&#8221; module_class=&#8221;box_header&#8221; _builder_version=&#8221;3.0.61&#8243; background_image=&#8221;http:\/\/mtbranding.eu\/wp-content\/uploads\/2017\/07\/header_nosotros-1.jpg&#8221; background_position=&#8221;top_left&#8221; background_repeat=&#8221;repeat&#8221;][\/et_pb_fullwidth_header][\/et_pb_section][et_pb_section fb_built=&#8221;1&#8243; custom_padding=&#8221;0px||30px|&#8221; _builder_version=&#8221;3.0.61&#8243;][et_pb_row custom_margin=&#8221;20px|||&#8221; background_position_1=&#8221;top_left&#8221; background_repeat_1=&#8221;no-repeat&#8221; _builder_version=&#8221;3.0.61&#8243;][et_pb_column type=&#8221;4_4&#8243; _builder_version=&#8221;3.0.47&#8243; parallax=&#8221;off&#8221; parallax_method=&#8221;on&#8221; background_position=&#8221;top_left&#8221; background_repeat=&#8221;no-repeat&#8221;][et_pb_code admin_label=&#8221;breadcrumb&#8221; module_class=&#8221;header_breadcrumb&#8221; _builder_version=&#8221;3.0.61&#8243;][yoast-breadcrumb][\/et_pb_code][et_pb_text text_orientation=&#8221;center&#8221; admin_label=&#8221;Introducci\u00f3n&#8221; module_class=&#8221;box_intro&#8221; _builder_version=&#8221;3.0.61&#8243; custom_margin=&#8221;||0px|&#8221; custom_padding=&#8221;||90px|&#8221;]<\/p>\n<p>Presentem<strong> Solucions Integrals<\/strong> per a qualsevol projecte, amb un <strong>servei 360\u00ba<\/strong>, global i a mida, adaptades a les necessitats dels nostres clients.<\/p>\n<p>Comptem amb una gran experi\u00e8ncia en <strong>implantaci\u00f3 d\u2019Imatge Corporativa<\/strong> i amb un departament especialitzat en <strong>enginyeria de Producte<\/strong> per al proc\u00e9s de disseny y producci\u00f3 de noves idees i nous productes.<\/p>\n<p>[\/et_pb_text][\/et_pb_column][\/et_pb_row][\/et_pb_section][et_pb_section fb_built=&#8221;1&#8243; custom_padding=&#8221;0px||30px|&#8221; _builder_version=&#8221;3.0.61&#8243;][et_pb_row background_position_1=&#8221;top_left&#8221; background_position_2=&#8221;top_left&#8221; background_position_3=&#8221;top_left&#8221; background_repeat_1=&#8221;no-repeat&#8221; background_repeat_2=&#8221;no-repeat&#8221; background_repeat_3=&#8221;no-repeat&#8221; _builder_version=&#8221;3.0.61&#8243;][et_pb_column type=&#8221;1_3&#8243; _builder_version=&#8221;3.0.47&#8243; parallax=&#8221;off&#8221; parallax_method=&#8221;on&#8221; background_position=&#8221;top_left&#8221; background_repeat=&#8221;no-repeat&#8221;][et_pb_blurb url=&#8221;http:\/\/mtbranding.eu\/ca\/soluciones-integrales\/ingenieria-de-producto\/&#8221; image=&#8221;http:\/\/mtbranding.eu\/wp-content\/uploads\/2017\/07\/ico_ingenieria_producto.png&#8221; alt=&#8221;Ingenier\u00eda de producto&#8221; animation=&#8221;off&#8221; text_orientation=&#8221;center&#8221; admin_label=&#8221;Ingenier\u00eda de producto&#8221; module_class=&#8221;box_notice&#8221; _builder_version=&#8221;3.0.61&#8243; body_font_size=&#8221;20&#8243;]<\/p>\n<h4><a href=\"http:\/\/mtbranding.eu\/soluciones-integrales\/ingenieria-de-producto\/\">Enginyeria de product<\/a><\/h4>\n<p>Tenim un gran potencial t\u00e8cnic i hum\u00e0 per endegar qualsevol proc\u00e9s de disseny i i de desenvolupament de nous productes.<\/p>\n<p>[\/et_pb_blurb][\/et_pb_column][et_pb_column type=&#8221;1_3&#8243; _builder_version=&#8221;3.0.47&#8243; parallax=&#8221;off&#8221; parallax_method=&#8221;on&#8221; background_position=&#8221;top_left&#8221; background_repeat=&#8221;no-repeat&#8221;][et_pb_blurb url=&#8221;http:\/\/mtbranding.eu\/ca\/soluciones-integrales\/servicio-360o\/&#8221; image=&#8221;http:\/\/mtbranding.eu\/wp-content\/uploads\/2017\/07\/ico_servicio_360.png&#8221; alt=&#8221;Servei 360\u00ba&#8221; animation=&#8221;off&#8221; text_orientation=&#8221;center&#8221; admin_label=&#8221;Servei 360\u00ba&#8221; module_class=&#8221;box_notice&#8221; _builder_version=&#8221;3.0.61&#8243; body_font_size=&#8221;20&#8243;]<\/p>\n<h4><a title=\"Servicio 360\u00ba\" href=\"http:\/\/mtbranding.eu\/soluciones-integrales\/servicio-360o\/\">Servei\u00a0360\u00ba<\/a><\/h4>\n<p>Oferim un servei global des de la primera idea fins les fases d\u2019execuci\u00f3 i producci\u00f3 de tot el projecte.<\/p>\n<p>[\/et_pb_blurb][\/et_pb_column][et_pb_column type=&#8221;1_3&#8243; _builder_version=&#8221;3.0.47&#8243; parallax=&#8221;off&#8221; parallax_method=&#8221;on&#8221; background_position=&#8221;top_left&#8221; background_repeat=&#8221;no-repeat&#8221;][et_pb_blurb title=&#8221;Implantaci\u00f3 d&#8217;imatge corporativa&#8221; url=&#8221;http:\/\/mtbranding.eu\/ca\/soluciones-integrales\/implantacion-imagen-corporativa\/&#8221; image=&#8221;http:\/\/mtbranding.eu\/wp-content\/uploads\/2017\/07\/ico_imagen_corporativa.png&#8221; alt=&#8221;Implantaci\u00f3n de imagen corporativa&#8221; animation=&#8221;off&#8221; text_orientation=&#8221;center&#8221; admin_label=&#8221;Implantaci\u00f3 d&#8217;imatge corporativa&#8221; module_class=&#8221;box_notice&#8221; _builder_version=&#8221;3.0.61&#8243; body_font_size=&#8221;20&#8243;]<\/p>\n<p>Som especialistes en implantaci\u00f3 y remodelaci\u00f3 de Comunicaci\u00f3 Visual Corporativa per a qualsevol empresa.<\/p>\n<p>[\/et_pb_blurb][\/et_pb_column][\/et_pb_row][\/et_pb_section]<\/p>\n","protected":false},"excerpt":{"rendered":"<p>[et_pb_section fb_built=&#8221;1&#8243; custom_padding=&#8221;||0px|&#8221; fullwidth=&#8221;on&#8221; _builder_version=&#8221;3.0.61&#8243;][et_pb_fullwidth_header title=&#8221;Solucions integrals&#8221; background_layout=&#8221;dark&#8221; text_orientation=&#8221;center&#8221; module_class=&#8221;box_header&#8221; _builder_version=&#8221;3.0.61&#8243; background_image=&#8221;http:\/\/mtbranding.eu\/wp-content\/uploads\/2017\/07\/header_nosotros-1.jpg&#8221; background_position=&#8221;top_left&#8221; background_repeat=&#8221;repeat&#8221;][\/et_pb_fullwidth_header][\/et_pb_section][et_pb_section fb_built=&#8221;1&#8243; custom_padding=&#8221;0px||30px|&#8221; _builder_version=&#8221;3.0.61&#8243;][et_pb_row custom_margin=&#8221;20px|||&#8221; background_position_1=&#8221;top_left&#8221; background_repeat_1=&#8221;no-repeat&#8221; _builder_version=&#8221;3.0.61&#8243;][et_pb_column type=&#8221;4_4&#8243; _builder_version=&#8221;3.0.47&#8243; parallax=&#8221;off&#8221; parallax_method=&#8221;on&#8221; background_position=&#8221;top_left&#8221; background_repeat=&#8221;no-repeat&#8221;][et_pb_code admin_label=&#8221;breadcrumb&#8221; module_class=&#8221;header_breadcrumb&#8221; _builder_version=&#8221;3.0.61&#8243;][yoast-breadcrumb][\/et_pb_code][et_pb_text text_orientation=&#8221;center&#8221; admin_label=&#8221;Introducci\u00f3n&#8221; module_class=&#8221;box_intro&#8221; _builder_version=&#8221;3.0.61&#8243; custom_margin=&#8221;||0px|&#8221; custom_padding=&#8221;||90px|&#8221;] Presentem Solucions Integrals per a qualsevol projecte, amb un servei 360\u00ba, global i a mida, adaptades a les necessitats [&hellip;]<\/p>\n","protected":false},"author":5,"featured_media":0,"parent":0,"menu_order":0,"comment_status":"closed","ping_status":"closed","template":"","meta":{"_et_pb_use_builder":"on","_et_pb_old_content":"","_et_gb_content_width":"","_monsterinsights_skip_tracking":false,"_monsterinsights_sitenote_active":false,"_monsterinsights_sitenote_note":"","_monsterinsights_sitenote_category":0,"footnotes":""},"yoast_head":"<!-- This site is optimized with the Yoast SEO plugin v21.2 - https:\/\/yoast.com\/wordpress\/plugins\/seo\/ -->\n<title>Solucions integrals - Mobiltras<\/title>\n<meta name=\"robots\" content=\"index, follow, max-snippet:-1, max-image-preview:large, max-video-preview:-1\" \/>\n<link rel=\"canonical\" href=\"https:\/\/mobiltras.com\/ca\/soluciones-integrales\/\" \/>\n<meta property=\"og:locale\" content=\"ca_ES\" \/>\n<meta property=\"og:type\" content=\"article\" \/>\n<meta property=\"og:title\" content=\"Solucions integrals - Mobiltras\" \/>\n<meta property=\"og:description\" content=\"[et_pb_section fb_built=&#8221;1&#8243; custom_padding=&#8221;||0px|&#8221; fullwidth=&#8221;on&#8221; _builder_version=&#8221;3.0.61&#8243;][et_pb_fullwidth_header title=&#8221;Solucions integrals&#8221; background_layout=&#8221;dark&#8221; text_orientation=&#8221;center&#8221; module_class=&#8221;box_header&#8221; _builder_version=&#8221;3.0.61&#8243; background_image=&#8221;http:\/\/mtbranding.eu\/wp-content\/uploads\/2017\/07\/header_nosotros-1.jpg&#8221; background_position=&#8221;top_left&#8221; background_repeat=&#8221;repeat&#8221;][\/et_pb_fullwidth_header][\/et_pb_section][et_pb_section fb_built=&#8221;1&#8243; custom_padding=&#8221;0px||30px|&#8221; _builder_version=&#8221;3.0.61&#8243;][et_pb_row custom_margin=&#8221;20px|||&#8221; background_position_1=&#8221;top_left&#8221; background_repeat_1=&#8221;no-repeat&#8221; _builder_version=&#8221;3.0.61&#8243;][et_pb_column type=&#8221;4_4&#8243; _builder_version=&#8221;3.0.47&#8243; parallax=&#8221;off&#8221; parallax_method=&#8221;on&#8221; background_position=&#8221;top_left&#8221; background_repeat=&#8221;no-repeat&#8221;][et_pb_code admin_label=&#8221;breadcrumb&#8221; module_class=&#8221;header_breadcrumb&#8221; _builder_version=&#8221;3.0.61&#8243;][yoast-breadcrumb][\/et_pb_code][et_pb_text text_orientation=&#8221;center&#8221; admin_label=&#8221;Introducci\u00f3n&#8221; module_class=&#8221;box_intro&#8221; _builder_version=&#8221;3.0.61&#8243; custom_margin=&#8221;||0px|&#8221; custom_padding=&#8221;||90px|&#8221;] Presentem Solucions Integrals per a qualsevol projecte, amb un servei 360\u00ba, global i a mida, adaptades a les necessitats [&hellip;]\" \/>\n<meta property=\"og:url\" content=\"https:\/\/mobiltras.com\/soluciones-integrales\/\" \/>\n<meta property=\"og:site_name\" content=\"Mobiltras\" \/>\n<meta property=\"article:publisher\" content=\"https:\/\/www.facebook.com\/mobiltras\/\" \/>\n<meta property=\"article:modified_time\" content=\"2018-02-09T11:19:13+00:00\" \/>\n<meta name=\"twitter:card\" content=\"summary_large_image\" \/>\n<meta name=\"twitter:site\" content=\"@mt_branding\" \/>\n<meta name=\"twitter:label1\" content=\"Est. reading time\" \/>\n\t<meta name=\"twitter:data1\" content=\"3 minutes\" \/>\n<script type=\"application\/ld+json\" class=\"yoast-schema-graph\">{\"@context\":\"https:\/\/schema.org\",\"@graph\":[{\"@type\":\"WebPage\",\"@id\":\"https:\/\/mobiltras.com\/soluciones-integrales\/\",\"url\":\"https:\/\/mobiltras.com\/soluciones-integrales\/\",\"name\":\"Solucions integrals - Mobiltras\",\"isPartOf\":{\"@id\":\"https:\/\/mobiltras.com\/#website\"},\"datePublished\":\"2018-01-29T08:46:06+00:00\",\"dateModified\":\"2018-02-09T11:19:13+00:00\",\"breadcrumb\":{\"@id\":\"https:\/\/mobiltras.com\/soluciones-integrales\/#breadcrumb\"},\"inLanguage\":\"ca-ES\",\"potentialAction\":[{\"@type\":\"ReadAction\",\"target\":[\"https:\/\/mobiltras.com\/soluciones-integrales\/\"]}]},{\"@type\":\"BreadcrumbList\",\"@id\":\"https:\/\/mobiltras.com\/soluciones-integrales\/#breadcrumb\",\"itemListElement\":[{\"@type\":\"ListItem\",\"position\":1,\"name\":\"Inicio\",\"item\":\"https:\/\/mobiltras.com\/\"},{\"@type\":\"ListItem\",\"position\":2,\"name\":\"Solucions integrals\"}]},{\"@type\":\"WebSite\",\"@id\":\"https:\/\/mobiltras.com\/#website\",\"url\":\"https:\/\/mobiltras.com\/\",\"name\":\"Mobiltras\",\"description\":\"Soluciones Integrales de Comunicaci\u00f3n\",\"publisher\":{\"@id\":\"https:\/\/mobiltras.com\/#organization\"},\"potentialAction\":[{\"@type\":\"SearchAction\",\"target\":{\"@type\":\"EntryPoint\",\"urlTemplate\":\"https:\/\/mobiltras.com\/?s={search_term_string}\"},\"query-input\":\"required name=search_term_string\"}],\"inLanguage\":\"ca-ES\"},{\"@type\":\"Organization\",\"@id\":\"https:\/\/mobiltras.com\/#organization\",\"name\":\"MT Mobiltra\u00e7 Branding\",\"url\":\"https:\/\/mobiltras.com\/\",\"logo\":{\"@type\":\"ImageObject\",\"inLanguage\":\"ca-ES\",\"@id\":\"https:\/\/mobiltras.com\/#\/schema\/logo\/image\/\",\"url\":\"https:\/\/mtbranding.eu\/wp-content\/uploads\/2018\/09\/logoMT_2018.png\",\"contentUrl\":\"https:\/\/mtbranding.eu\/wp-content\/uploads\/2018\/09\/logoMT_2018.png\",\"width\":816,\"height\":369,\"caption\":\"MT Mobiltra\u00e7 Branding\"},\"image\":{\"@id\":\"https:\/\/mobiltras.com\/#\/schema\/logo\/image\/\"},\"sameAs\":[\"https:\/\/www.facebook.com\/mobiltras\/\",\"https:\/\/twitter.com\/mt_branding\",\"https:\/\/www.instagram.com\/mt.mobiltras\/\",\"https:\/\/www.linkedin.com\/company\/mtmobiltrasbranding\",\"https:\/\/www.youtube.com\/channel\/UCoKRO4IbOLeN3LT2ISsfEqA\"]}]}<\/script>\n<!-- \/ Yoast SEO plugin. -->","yoast_head_json":{"title":"Solucions integrals - Mobiltras","robots":{"index":"index","follow":"follow","max-snippet":"max-snippet:-1","max-image-preview":"max-image-preview:large","max-video-preview":"max-video-preview:-1"},"canonical":"https:\/\/mobiltras.com\/ca\/soluciones-integrales\/","og_locale":"ca_ES","og_type":"article","og_title":"Solucions integrals - Mobiltras","og_description":"[et_pb_section fb_built=&#8221;1&#8243; custom_padding=&#8221;||0px|&#8221; fullwidth=&#8221;on&#8221; _builder_version=&#8221;3.0.61&#8243;][et_pb_fullwidth_header title=&#8221;Solucions integrals&#8221; background_layout=&#8221;dark&#8221; text_orientation=&#8221;center&#8221; module_class=&#8221;box_header&#8221; _builder_version=&#8221;3.0.61&#8243; background_image=&#8221;http:\/\/mtbranding.eu\/wp-content\/uploads\/2017\/07\/header_nosotros-1.jpg&#8221; background_position=&#8221;top_left&#8221; background_repeat=&#8221;repeat&#8221;][\/et_pb_fullwidth_header][\/et_pb_section][et_pb_section fb_built=&#8221;1&#8243; custom_padding=&#8221;0px||30px|&#8221; _builder_version=&#8221;3.0.61&#8243;][et_pb_row custom_margin=&#8221;20px|||&#8221; background_position_1=&#8221;top_left&#8221; background_repeat_1=&#8221;no-repeat&#8221; _builder_version=&#8221;3.0.61&#8243;][et_pb_column type=&#8221;4_4&#8243; _builder_version=&#8221;3.0.47&#8243; parallax=&#8221;off&#8221; parallax_method=&#8221;on&#8221; background_position=&#8221;top_left&#8221; background_repeat=&#8221;no-repeat&#8221;][et_pb_code admin_label=&#8221;breadcrumb&#8221; module_class=&#8221;header_breadcrumb&#8221; _builder_version=&#8221;3.0.61&#8243;][yoast-breadcrumb][\/et_pb_code][et_pb_text text_orientation=&#8221;center&#8221; admin_label=&#8221;Introducci\u00f3n&#8221; module_class=&#8221;box_intro&#8221; _builder_version=&#8221;3.0.61&#8243; custom_margin=&#8221;||0px|&#8221; custom_padding=&#8221;||90px|&#8221;] Presentem Solucions Integrals per a qualsevol projecte, amb un servei 360\u00ba, global i a mida, adaptades a les necessitats [&hellip;]","og_url":"https:\/\/mobiltras.com\/soluciones-integrales\/","og_site_name":"Mobiltras","article_publisher":"https:\/\/www.facebook.com\/mobiltras\/","article_modified_time":"2018-02-09T11:19:13+00:00","twitter_card":"summary_large_image","twitter_site":"@mt_branding","twitter_misc":{"Est. reading time":"3 minutes"},"schema":{"@context":"https:\/\/schema.org","@graph":[{"@type":"WebPage","@id":"https:\/\/mobiltras.com\/soluciones-integrales\/","url":"https:\/\/mobiltras.com\/soluciones-integrales\/","name":"Solucions integrals - Mobiltras","isPartOf":{"@id":"https:\/\/mobiltras.com\/#website"},"datePublished":"2018-01-29T08:46:06+00:00","dateModified":"2018-02-09T11:19:13+00:00","breadcrumb":{"@id":"https:\/\/mobiltras.com\/soluciones-integrales\/#breadcrumb"},"inLanguage":"ca-ES","potentialAction":[{"@type":"ReadAction","target":["https:\/\/mobiltras.com\/soluciones-integrales\/"]}]},{"@type":"BreadcrumbList","@id":"https:\/\/mobiltras.com\/soluciones-integrales\/#breadcrumb","itemListElement":[{"@type":"ListItem","position":1,"name":"Inicio","item":"https:\/\/mobiltras.com\/"},{"@type":"ListItem","position":2,"name":"Solucions integrals"}]},{"@type":"WebSite","@id":"https:\/\/mobiltras.com\/#website","url":"https:\/\/mobiltras.com\/","name":"Mobiltras","description":"Soluciones Integrales de Comunicaci\u00f3n","publisher":{"@id":"https:\/\/mobiltras.com\/#organization"},"potentialAction":[{"@type":"SearchAction","target":{"@type":"EntryPoint","urlTemplate":"https:\/\/mobiltras.com\/?s={search_term_string}"},"query-input":"required name=search_term_string"}],"inLanguage":"ca-ES"},{"@type":"Organization","@id":"https:\/\/mobiltras.com\/#organization","name":"MT Mobiltra\u00e7 Branding","url":"https:\/\/mobiltras.com\/","logo":{"@type":"ImageObject","inLanguage":"ca-ES","@id":"https:\/\/mobiltras.com\/#\/schema\/logo\/image\/","url":"https:\/\/mtbranding.eu\/wp-content\/uploads\/2018\/09\/logoMT_2018.png","contentUrl":"https:\/\/mtbranding.eu\/wp-content\/uploads\/2018\/09\/logoMT_2018.png","width":816,"height":369,"caption":"MT Mobiltra\u00e7 Branding"},"image":{"@id":"https:\/\/mobiltras.com\/#\/schema\/logo\/image\/"},"sameAs":["https:\/\/www.facebook.com\/mobiltras\/","https:\/\/twitter.com\/mt_branding","https:\/\/www.instagram.com\/mt.mobiltras\/","https:\/\/www.linkedin.com\/company\/mtmobiltrasbranding","https:\/\/www.youtube.com\/channel\/UCoKRO4IbOLeN3LT2ISsfEqA"]}]}},"_links":{"self":[{"href":"https:\/\/mobiltras.com\/ca\/wp-json\/wp\/v2\/pages\/1190\/"}],"collection":[{"href":"https:\/\/mobiltras.com\/ca\/wp-json\/wp\/v2\/pages\/"}],"about":[{"href":"https:\/\/mobiltras.com\/ca\/wp-json\/wp\/v2\/types\/page\/"}],"author":[{"embeddable":true,"href":"https:\/\/mobiltras.com\/ca\/wp-json\/wp\/v2\/users\/5\/"}],"replies":[{"embeddable":true,"href":"https:\/\/mobiltras.com\/ca\/wp-json\/wp\/v2\/comments\/?post=1190"}],"version-history":[{"count":2,"href":"https:\/\/mobiltras.com\/ca\/wp-json\/wp\/v2\/pages\/1190\/revisions\/"}],"predecessor-version":[{"id":1348,"href":"https:\/\/mobiltras.com\/ca\/wp-json\/wp\/v2\/pages\/1190\/revisions\/1348\/"}],"wp:attachment":[{"href":"https:\/\/mobiltras.com\/ca\/wp-json\/wp\/v2\/media\/?parent=1190"}],"curies":[{"name":"wp","href":"https:\/\/api.w.org\/{rel}","templated":true}]}}