{"id":1207,"date":"2018-01-29T13:37:47","date_gmt":"2018-01-29T12:37:47","guid":{"rendered":"http:\/\/mtbranding.eu\/?page_id=1207"},"modified":"2018-02-09T12:35:05","modified_gmt":"2018-02-09T11:35:05","slug":"idees-per-a","status":"publish","type":"page","link":"https:\/\/mobiltras.com\/ca\/idees-per-a\/","title":{"rendered":"Idees per a &#8230;"},"content":{"rendered":"<p>[et_pb_section fb_built=&#8221;1&#8243; custom_padding=&#8221;||0px|&#8221; fullwidth=&#8221;on&#8221; _builder_version=&#8221;3.0.61&#8243;][et_pb_fullwidth_header title=&#8221;Idees per a &#8230; &#8221; background_layout=&#8221;dark&#8221; text_orientation=&#8221;center&#8221; module_class=&#8221;box_header&#8221; _builder_version=&#8221;3.0.61&#8243; background_image=&#8221;http:\/\/mtbranding.eu\/wp-content\/uploads\/2017\/07\/header_productos.png&#8221;][\/et_pb_fullwidth_header][\/et_pb_section][et_pb_section fb_built=&#8221;1&#8243; custom_padding=&#8221;0px||30px|&#8221; _builder_version=&#8221;3.0.61&#8243;][et_pb_row custom_margin=&#8221;20px|||&#8221; background_position_1=&#8221;top_left&#8221; background_repeat_1=&#8221;no-repeat&#8221; _builder_version=&#8221;3.0.61&#8243;][et_pb_column type=&#8221;4_4&#8243; _builder_version=&#8221;3.0.47&#8243; parallax=&#8221;off&#8221; parallax_method=&#8221;on&#8221; background_position=&#8221;top_left&#8221; background_repeat=&#8221;no-repeat&#8221;][et_pb_code admin_label=&#8221;breadcrumb&#8221; module_class=&#8221;header_breadcrumb&#8221; _builder_version=&#8221;3.0.61&#8243;][yoast-breadcrumb][\/et_pb_code][et_pb_text text_orientation=&#8221;center&#8221; admin_label=&#8221;Introducci\u00f3n&#8221; module_class=&#8221;box_intro&#8221; _builder_version=&#8221;3.0.61&#8243; custom_margin=&#8221;||0px|&#8221; custom_padding=&#8221;||90px|&#8221;]<\/p>\n<p>A <strong>MT MOBILTRA\u00c7 Branding<\/strong> donem forma a les seves idees i fem realitat projectes de qualsevol mida.<br \/>\nTenim fe en les propostes dels nostres clients i treballem en total col\u2022laboraci\u00f3 amb ells per tal d\u2019assolir els seus objectius.<br \/>\nActuem a tot tipus de sector i d\u2019activitat i oferim una \u00e0mplia cobertura de serveis. Garantim una assist\u00e8ncia cont\u00ednua en tot el proc\u00e9s i cuidem el m\u00e9s m\u00ednim detall.<\/p>\n<p>[\/et_pb_text][\/et_pb_column][\/et_pb_row][\/et_pb_section][et_pb_section fb_built=&#8221;1&#8243; custom_padding=&#8221;0px||30px|&#8221; _builder_version=&#8221;3.0.61&#8243;][et_pb_row use_custom_gutter=&#8221;on&#8221; gutter_width=&#8221;2&#8243; background_position_1=&#8221;top_left&#8221; background_position_2=&#8221;top_left&#8221; background_position_3=&#8221;top_left&#8221; background_position_4=&#8221;top_left&#8221; background_repeat_1=&#8221;no-repeat&#8221; background_repeat_2=&#8221;no-repeat&#8221; background_repeat_3=&#8221;no-repeat&#8221; background_repeat_4=&#8221;no-repeat&#8221; _builder_version=&#8221;3.0.61&#8243;][et_pb_column type=&#8221;1_4&#8243; _builder_version=&#8221;3.0.47&#8243; parallax=&#8221;off&#8221; parallax_method=&#8221;on&#8221; background_position=&#8221;top_left&#8221; background_repeat=&#8221;no-repeat&#8221;][et_pb_blurb title=&#8221;Disseny interior i decoraci\u00f3&#8221; url=&#8221;http:\/\/mtbranding.eu\/ca\/ideas-para\/interiorismo-y-decoracion\/&#8221; image=&#8221;http:\/\/mtbranding.eu\/wp-content\/uploads\/2017\/07\/image_idees_interiorisme.png&#8221; alt=&#8221;Interiorismo y decoraci\u00f3n&#8221; animation=&#8221;off&#8221; admin_label=&#8221;Interiorismo y decoraci\u00f3n&#8221; module_class=&#8221;box_idea&#8221; _builder_version=&#8221;3.0.61&#8243; background_color=&#8221;rgba(230,229,225,0.81)&#8221;][\/et_pb_blurb][et_pb_blurb title=&#8221;Exposicions y showrooms&#8221; url=&#8221;http:\/\/mtbranding.eu\/ca\/ideas-para\/exposiciones-y-showrooms\/&#8221; image=&#8221;http:\/\/mtbranding.eu\/wp-content\/uploads\/2017\/07\/header_exposiciones_02.jpg&#8221; alt=&#8221;Exposiciones y showrooms&#8221; animation=&#8221;off&#8221; admin_label=&#8221;Exposiciones y showrooms&#8221; module_class=&#8221;box_idea&#8221; _builder_version=&#8221;3.0.61&#8243; background_color=&#8221;rgba(230,229,225,0.81)&#8221;][\/et_pb_blurb][\/et_pb_column][et_pb_column type=&#8221;1_4&#8243; _builder_version=&#8221;3.0.47&#8243; parallax=&#8221;off&#8221; parallax_method=&#8221;on&#8221; background_position=&#8221;top_left&#8221; background_repeat=&#8221;no-repeat&#8221;][et_pb_blurb title=&#8221;Aparadorisme i retail&#8221; url=&#8221;http:\/\/mtbranding.eu\/ca\/ideas-para\/escaparatismo-y-retail\/&#8221; image=&#8221;http:\/\/mtbranding.eu\/wp-content\/uploads\/2017\/07\/header_escaparatismo_02.jpg&#8221; alt=&#8221;Escaparatismo y retail&#8221; animation=&#8221;off&#8221; admin_label=&#8221;Escaparatismo y retail&#8221; module_class=&#8221;box_idea&#8221; _builder_version=&#8221;3.0.61&#8243; background_color=&#8221;rgba(230,229,225,0.81)&#8221;][\/et_pb_blurb][et_pb_blurb title=&#8221;Escenaris i sets de filmaci\u00f3&#8221; url=&#8221;http:\/\/mtbranding.eu\/ca\/ideas-para\/escenarios-sets-filmacion\/&#8221; image=&#8221;http:\/\/mtbranding.eu\/wp-content\/uploads\/2017\/07\/image_idees_escenaris.png&#8221; alt=&#8221;Escenarios y sets de filmaci\u00f3n&#8221; animation=&#8221;off&#8221; admin_label=&#8221;Escenarios y sets de filmaci\u00f3n&#8221; module_class=&#8221;box_idea&#8221; _builder_version=&#8221;3.0.61&#8243; background_color=&#8221;rgba(230,229,225,0.81)&#8221;][\/et_pb_blurb][\/et_pb_column][et_pb_column type=&#8221;1_4&#8243; _builder_version=&#8221;3.0.47&#8243; parallax=&#8221;off&#8221; parallax_method=&#8221;on&#8221; background_position=&#8221;top_left&#8221; background_repeat=&#8221;no-repeat&#8221;][et_pb_blurb title=&#8221;Centres comercials&#8221; url=&#8221;http:\/\/mtbranding.eu\/ca\/ideas-para\/centros-comerciales\/&#8221; image=&#8221;http:\/\/mtbranding.eu\/wp-content\/uploads\/2017\/07\/image_idees_comercial.png&#8221; alt=&#8221;Centros comerciales&#8221; animation=&#8221;off&#8221; admin_label=&#8221;Centros comerciales&#8221; module_class=&#8221;box_idea&#8221; _builder_version=&#8221;3.0.61&#8243; background_color=&#8221;rgba(230,229,225,0.81)&#8221;][\/et_pb_blurb][et_pb_blurb title=&#8221;Parcs tem\u00e0tics&#8221; url=&#8221;http:\/\/mtbranding.eu\/ca\/ideas-para\/parques-tematicos\/&#8221; image=&#8221;http:\/\/mtbranding.eu\/wp-content\/uploads\/2017\/07\/image_idees_parc.png&#8221; alt=&#8221;Parques tem\u00e1ticos&#8221; animation=&#8221;off&#8221; admin_label=&#8221;Parques tem\u00e1ticos&#8221; module_class=&#8221;box_idea&#8221; _builder_version=&#8221;3.0.61&#8243; background_color=&#8221;rgba(230,229,225,0.81)&#8221;][\/et_pb_blurb][\/et_pb_column][et_pb_column type=&#8221;1_4&#8243; _builder_version=&#8221;3.0.47&#8243; parallax=&#8221;off&#8221; parallax_method=&#8221;on&#8221; background_position=&#8221;top_left&#8221; background_repeat=&#8221;no-repeat&#8221;][et_pb_blurb title=&#8221;Esdeveniments i congressos&#8221; url=&#8221;http:\/\/mtbranding.eu\/ca\/ideas-para\/eventos-y-congresos\/&#8221; image=&#8221;http:\/\/mtbranding.eu\/wp-content\/uploads\/2017\/07\/header_congreso_eventos.jpg&#8221; alt=&#8221;Eventos y congresos&#8221; animation=&#8221;off&#8221; admin_label=&#8221;Eventos y congresos&#8221; module_class=&#8221;box_idea&#8221; _builder_version=&#8221;3.0.61&#8243; background_color=&#8221;rgba(230,229,225,0.81)&#8221;][\/et_pb_blurb][et_pb_blurb title=&#8221;Mobiliario comercial&#8221; url=&#8221;http:\/\/mtbranding.eu\/ca\/soluciones-integrales\/mobiliario-comercial\/&#8221; image=&#8221;http:\/\/mtbranding.eu\/wp-content\/uploads\/2017\/07\/header_mobiliario_comercial_02.jpg&#8221; alt=&#8221;Mobiliari comercial &#8221; animation=&#8221;off&#8221; admin_label=&#8221;Mobiliario comercial y publicitario&#8221; module_class=&#8221;box_idea&#8221; _builder_version=&#8221;3.0.61&#8243; background_color=&#8221;rgba(230,229,225,0.81)&#8221;][\/et_pb_blurb][\/et_pb_column][\/et_pb_row][\/et_pb_section]<\/p>\n","protected":false},"excerpt":{"rendered":"<p>[et_pb_section fb_built=&#8221;1&#8243; custom_padding=&#8221;||0px|&#8221; fullwidth=&#8221;on&#8221; _builder_version=&#8221;3.0.61&#8243;][et_pb_fullwidth_header title=&#8221;Idees per a &#8230; &#8221; background_layout=&#8221;dark&#8221; text_orientation=&#8221;center&#8221; module_class=&#8221;box_header&#8221; _builder_version=&#8221;3.0.61&#8243; background_image=&#8221;http:\/\/mtbranding.eu\/wp-content\/uploads\/2017\/07\/header_productos.png&#8221;][\/et_pb_fullwidth_header][\/et_pb_section][et_pb_section fb_built=&#8221;1&#8243; custom_padding=&#8221;0px||30px|&#8221; _builder_version=&#8221;3.0.61&#8243;][et_pb_row custom_margin=&#8221;20px|||&#8221; background_position_1=&#8221;top_left&#8221; background_repeat_1=&#8221;no-repeat&#8221; _builder_version=&#8221;3.0.61&#8243;][et_pb_column type=&#8221;4_4&#8243; _builder_version=&#8221;3.0.47&#8243; parallax=&#8221;off&#8221; parallax_method=&#8221;on&#8221; background_position=&#8221;top_left&#8221; background_repeat=&#8221;no-repeat&#8221;][et_pb_code admin_label=&#8221;breadcrumb&#8221; module_class=&#8221;header_breadcrumb&#8221; _builder_version=&#8221;3.0.61&#8243;][yoast-breadcrumb][\/et_pb_code][et_pb_text text_orientation=&#8221;center&#8221; admin_label=&#8221;Introducci\u00f3n&#8221; module_class=&#8221;box_intro&#8221; _builder_version=&#8221;3.0.61&#8243; custom_margin=&#8221;||0px|&#8221; custom_padding=&#8221;||90px|&#8221;] A MT MOBILTRA\u00c7 Branding donem forma a les seves idees i fem realitat projectes de qualsevol mida. Tenim [&hellip;]<\/p>\n","protected":false},"author":5,"featured_media":0,"parent":0,"menu_order":0,"comment_status":"closed","ping_status":"closed","template":"","meta":{"_et_pb_use_builder":"on","_et_pb_old_content":"","_et_gb_content_width":"","_monsterinsights_skip_tracking":false,"_monsterinsights_sitenote_active":false,"_monsterinsights_sitenote_note":"","_monsterinsights_sitenote_category":0,"footnotes":""},"yoast_head":"<!-- This site is optimized with the Yoast SEO plugin v21.2 - https:\/\/yoast.com\/wordpress\/plugins\/seo\/ -->\n<title>Idees per a ... - Mobiltras<\/title>\n<meta name=\"robots\" content=\"index, follow, max-snippet:-1, max-image-preview:large, max-video-preview:-1\" \/>\n<link rel=\"canonical\" href=\"https:\/\/mobiltras.com\/ca\/idees-per-a\/\" \/>\n<meta property=\"og:locale\" content=\"ca_ES\" \/>\n<meta property=\"og:type\" content=\"article\" \/>\n<meta property=\"og:title\" content=\"Idees per a ... - Mobiltras\" \/>\n<meta property=\"og:description\" content=\"[et_pb_section fb_built=&#8221;1&#8243; custom_padding=&#8221;||0px|&#8221; fullwidth=&#8221;on&#8221; _builder_version=&#8221;3.0.61&#8243;][et_pb_fullwidth_header title=&#8221;Idees per a &#8230; &#8221; background_layout=&#8221;dark&#8221; text_orientation=&#8221;center&#8221; module_class=&#8221;box_header&#8221; _builder_version=&#8221;3.0.61&#8243; background_image=&#8221;http:\/\/mtbranding.eu\/wp-content\/uploads\/2017\/07\/header_productos.png&#8221;][\/et_pb_fullwidth_header][\/et_pb_section][et_pb_section fb_built=&#8221;1&#8243; custom_padding=&#8221;0px||30px|&#8221; _builder_version=&#8221;3.0.61&#8243;][et_pb_row custom_margin=&#8221;20px|||&#8221; background_position_1=&#8221;top_left&#8221; background_repeat_1=&#8221;no-repeat&#8221; _builder_version=&#8221;3.0.61&#8243;][et_pb_column type=&#8221;4_4&#8243; _builder_version=&#8221;3.0.47&#8243; parallax=&#8221;off&#8221; parallax_method=&#8221;on&#8221; background_position=&#8221;top_left&#8221; background_repeat=&#8221;no-repeat&#8221;][et_pb_code admin_label=&#8221;breadcrumb&#8221; module_class=&#8221;header_breadcrumb&#8221; _builder_version=&#8221;3.0.61&#8243;][yoast-breadcrumb][\/et_pb_code][et_pb_text text_orientation=&#8221;center&#8221; admin_label=&#8221;Introducci\u00f3n&#8221; module_class=&#8221;box_intro&#8221; _builder_version=&#8221;3.0.61&#8243; custom_margin=&#8221;||0px|&#8221; custom_padding=&#8221;||90px|&#8221;] A MT MOBILTRA\u00c7 Branding donem forma a les seves idees i fem realitat projectes de qualsevol mida. Tenim [&hellip;]\" \/>\n<meta property=\"og:url\" content=\"https:\/\/mobiltras.com\/ca\/idees-per-a\/\" \/>\n<meta property=\"og:site_name\" content=\"Mobiltras\" \/>\n<meta property=\"article:publisher\" content=\"https:\/\/www.facebook.com\/mobiltras\/\" \/>\n<meta property=\"article:modified_time\" content=\"2018-02-09T11:35:05+00:00\" \/>\n<meta name=\"twitter:card\" content=\"summary_large_image\" \/>\n<meta name=\"twitter:site\" content=\"@mt_branding\" \/>\n<meta name=\"twitter:label1\" content=\"Est. reading time\" \/>\n\t<meta name=\"twitter:data1\" content=\"4 minutes\" \/>\n<script type=\"application\/ld+json\" class=\"yoast-schema-graph\">{\"@context\":\"https:\/\/schema.org\",\"@graph\":[{\"@type\":\"WebPage\",\"@id\":\"https:\/\/mobiltras.com\/ca\/idees-per-a\/\",\"url\":\"https:\/\/mobiltras.com\/ca\/idees-per-a\/\",\"name\":\"Idees per a ... - Mobiltras\",\"isPartOf\":{\"@id\":\"https:\/\/mobiltras.com\/#website\"},\"datePublished\":\"2018-01-29T12:37:47+00:00\",\"dateModified\":\"2018-02-09T11:35:05+00:00\",\"breadcrumb\":{\"@id\":\"https:\/\/mobiltras.com\/ca\/idees-per-a\/#breadcrumb\"},\"inLanguage\":\"ca-ES\",\"potentialAction\":[{\"@type\":\"ReadAction\",\"target\":[\"https:\/\/mobiltras.com\/ca\/idees-per-a\/\"]}]},{\"@type\":\"BreadcrumbList\",\"@id\":\"https:\/\/mobiltras.com\/ca\/idees-per-a\/#breadcrumb\",\"itemListElement\":[{\"@type\":\"ListItem\",\"position\":1,\"name\":\"Inicio\",\"item\":\"https:\/\/mobiltras.com\/\"},{\"@type\":\"ListItem\",\"position\":2,\"name\":\"Idees per a &#8230;\"}]},{\"@type\":\"WebSite\",\"@id\":\"https:\/\/mobiltras.com\/#website\",\"url\":\"https:\/\/mobiltras.com\/\",\"name\":\"Mobiltras\",\"description\":\"Soluciones Integrales de Comunicaci\u00f3n\",\"publisher\":{\"@id\":\"https:\/\/mobiltras.com\/#organization\"},\"potentialAction\":[{\"@type\":\"SearchAction\",\"target\":{\"@type\":\"EntryPoint\",\"urlTemplate\":\"https:\/\/mobiltras.com\/?s={search_term_string}\"},\"query-input\":\"required name=search_term_string\"}],\"inLanguage\":\"ca-ES\"},{\"@type\":\"Organization\",\"@id\":\"https:\/\/mobiltras.com\/#organization\",\"name\":\"MT Mobiltra\u00e7 Branding\",\"url\":\"https:\/\/mobiltras.com\/\",\"logo\":{\"@type\":\"ImageObject\",\"inLanguage\":\"ca-ES\",\"@id\":\"https:\/\/mobiltras.com\/#\/schema\/logo\/image\/\",\"url\":\"https:\/\/mtbranding.eu\/wp-content\/uploads\/2018\/09\/logoMT_2018.png\",\"contentUrl\":\"https:\/\/mtbranding.eu\/wp-content\/uploads\/2018\/09\/logoMT_2018.png\",\"width\":816,\"height\":369,\"caption\":\"MT Mobiltra\u00e7 Branding\"},\"image\":{\"@id\":\"https:\/\/mobiltras.com\/#\/schema\/logo\/image\/\"},\"sameAs\":[\"https:\/\/www.facebook.com\/mobiltras\/\",\"https:\/\/twitter.com\/mt_branding\",\"https:\/\/www.instagram.com\/mt.mobiltras\/\",\"https:\/\/www.linkedin.com\/company\/mtmobiltrasbranding\",\"https:\/\/www.youtube.com\/channel\/UCoKRO4IbOLeN3LT2ISsfEqA\"]}]}<\/script>\n<!-- \/ Yoast SEO plugin. -->","yoast_head_json":{"title":"Idees per a ... - Mobiltras","robots":{"index":"index","follow":"follow","max-snippet":"max-snippet:-1","max-image-preview":"max-image-preview:large","max-video-preview":"max-video-preview:-1"},"canonical":"https:\/\/mobiltras.com\/ca\/idees-per-a\/","og_locale":"ca_ES","og_type":"article","og_title":"Idees per a ... - Mobiltras","og_description":"[et_pb_section fb_built=&#8221;1&#8243; custom_padding=&#8221;||0px|&#8221; fullwidth=&#8221;on&#8221; _builder_version=&#8221;3.0.61&#8243;][et_pb_fullwidth_header title=&#8221;Idees per a &#8230; &#8221; background_layout=&#8221;dark&#8221; text_orientation=&#8221;center&#8221; module_class=&#8221;box_header&#8221; _builder_version=&#8221;3.0.61&#8243; background_image=&#8221;http:\/\/mtbranding.eu\/wp-content\/uploads\/2017\/07\/header_productos.png&#8221;][\/et_pb_fullwidth_header][\/et_pb_section][et_pb_section fb_built=&#8221;1&#8243; custom_padding=&#8221;0px||30px|&#8221; _builder_version=&#8221;3.0.61&#8243;][et_pb_row custom_margin=&#8221;20px|||&#8221; background_position_1=&#8221;top_left&#8221; background_repeat_1=&#8221;no-repeat&#8221; _builder_version=&#8221;3.0.61&#8243;][et_pb_column type=&#8221;4_4&#8243; _builder_version=&#8221;3.0.47&#8243; parallax=&#8221;off&#8221; parallax_method=&#8221;on&#8221; background_position=&#8221;top_left&#8221; background_repeat=&#8221;no-repeat&#8221;][et_pb_code admin_label=&#8221;breadcrumb&#8221; module_class=&#8221;header_breadcrumb&#8221; _builder_version=&#8221;3.0.61&#8243;][yoast-breadcrumb][\/et_pb_code][et_pb_text text_orientation=&#8221;center&#8221; admin_label=&#8221;Introducci\u00f3n&#8221; module_class=&#8221;box_intro&#8221; _builder_version=&#8221;3.0.61&#8243; custom_margin=&#8221;||0px|&#8221; custom_padding=&#8221;||90px|&#8221;] A MT MOBILTRA\u00c7 Branding donem forma a les seves idees i fem realitat projectes de qualsevol mida. Tenim [&hellip;]","og_url":"https:\/\/mobiltras.com\/ca\/idees-per-a\/","og_site_name":"Mobiltras","article_publisher":"https:\/\/www.facebook.com\/mobiltras\/","article_modified_time":"2018-02-09T11:35:05+00:00","twitter_card":"summary_large_image","twitter_site":"@mt_branding","twitter_misc":{"Est. reading time":"4 minutes"},"schema":{"@context":"https:\/\/schema.org","@graph":[{"@type":"WebPage","@id":"https:\/\/mobiltras.com\/ca\/idees-per-a\/","url":"https:\/\/mobiltras.com\/ca\/idees-per-a\/","name":"Idees per a ... - Mobiltras","isPartOf":{"@id":"https:\/\/mobiltras.com\/#website"},"datePublished":"2018-01-29T12:37:47+00:00","dateModified":"2018-02-09T11:35:05+00:00","breadcrumb":{"@id":"https:\/\/mobiltras.com\/ca\/idees-per-a\/#breadcrumb"},"inLanguage":"ca-ES","potentialAction":[{"@type":"ReadAction","target":["https:\/\/mobiltras.com\/ca\/idees-per-a\/"]}]},{"@type":"BreadcrumbList","@id":"https:\/\/mobiltras.com\/ca\/idees-per-a\/#breadcrumb","itemListElement":[{"@type":"ListItem","position":1,"name":"Inicio","item":"https:\/\/mobiltras.com\/"},{"@type":"ListItem","position":2,"name":"Idees per a &#8230;"}]},{"@type":"WebSite","@id":"https:\/\/mobiltras.com\/#website","url":"https:\/\/mobiltras.com\/","name":"Mobiltras","description":"Soluciones Integrales de Comunicaci\u00f3n","publisher":{"@id":"https:\/\/mobiltras.com\/#organization"},"potentialAction":[{"@type":"SearchAction","target":{"@type":"EntryPoint","urlTemplate":"https:\/\/mobiltras.com\/?s={search_term_string}"},"query-input":"required name=search_term_string"}],"inLanguage":"ca-ES"},{"@type":"Organization","@id":"https:\/\/mobiltras.com\/#organization","name":"MT Mobiltra\u00e7 Branding","url":"https:\/\/mobiltras.com\/","logo":{"@type":"ImageObject","inLanguage":"ca-ES","@id":"https:\/\/mobiltras.com\/#\/schema\/logo\/image\/","url":"https:\/\/mtbranding.eu\/wp-content\/uploads\/2018\/09\/logoMT_2018.png","contentUrl":"https:\/\/mtbranding.eu\/wp-content\/uploads\/2018\/09\/logoMT_2018.png","width":816,"height":369,"caption":"MT Mobiltra\u00e7 Branding"},"image":{"@id":"https:\/\/mobiltras.com\/#\/schema\/logo\/image\/"},"sameAs":["https:\/\/www.facebook.com\/mobiltras\/","https:\/\/twitter.com\/mt_branding","https:\/\/www.instagram.com\/mt.mobiltras\/","https:\/\/www.linkedin.com\/company\/mtmobiltrasbranding","https:\/\/www.youtube.com\/channel\/UCoKRO4IbOLeN3LT2ISsfEqA"]}]}},"_links":{"self":[{"href":"https:\/\/mobiltras.com\/ca\/wp-json\/wp\/v2\/pages\/1207\/"}],"collection":[{"href":"https:\/\/mobiltras.com\/ca\/wp-json\/wp\/v2\/pages\/"}],"about":[{"href":"https:\/\/mobiltras.com\/ca\/wp-json\/wp\/v2\/types\/page\/"}],"author":[{"embeddable":true,"href":"https:\/\/mobiltras.com\/ca\/wp-json\/wp\/v2\/users\/5\/"}],"replies":[{"embeddable":true,"href":"https:\/\/mobiltras.com\/ca\/wp-json\/wp\/v2\/comments\/?post=1207"}],"version-history":[{"count":2,"href":"https:\/\/mobiltras.com\/ca\/wp-json\/wp\/v2\/pages\/1207\/revisions\/"}],"predecessor-version":[{"id":1350,"href":"https:\/\/mobiltras.com\/ca\/wp-json\/wp\/v2\/pages\/1207\/revisions\/1350\/"}],"wp:attachment":[{"href":"https:\/\/mobiltras.com\/ca\/wp-json\/wp\/v2\/media\/?parent=1207"}],"curies":[{"name":"wp","href":"https:\/\/api.w.org\/{rel}","templated":true}]}}