{"id":1241,"date":"2018-01-29T15:55:41","date_gmt":"2018-01-29T14:55:41","guid":{"rendered":"http:\/\/mtbranding.eu\/?page_id=1241"},"modified":"2018-02-09T12:38:39","modified_gmt":"2018-02-09T11:38:39","slug":"productes","status":"publish","type":"page","link":"https:\/\/mobiltras.com\/ca\/productes\/","title":{"rendered":"Productes"},"content":{"rendered":"<p>[et_pb_section fb_built=&#8221;1&#8243; custom_padding=&#8221;||0px|&#8221; fullwidth=&#8221;on&#8221; _builder_version=&#8221;3.0.61&#8243;][et_pb_fullwidth_header title=&#8221;Productes&#8221; background_layout=&#8221;dark&#8221; text_orientation=&#8221;center&#8221; module_class=&#8221;box_header&#8221; _builder_version=&#8221;3.0.61&#8243; background_image=&#8221;http:\/\/mtbranding.eu\/wp-content\/uploads\/2017\/07\/header_productos.jpg&#8221;][\/et_pb_fullwidth_header][\/et_pb_section][et_pb_section fb_built=&#8221;1&#8243; custom_padding=&#8221;0px||30px|&#8221; _builder_version=&#8221;3.0.61&#8243;][et_pb_row custom_margin=&#8221;20px|||&#8221; background_position_1=&#8221;top_left&#8221; background_repeat_1=&#8221;no-repeat&#8221; _builder_version=&#8221;3.0.61&#8243;][et_pb_column type=&#8221;4_4&#8243; _builder_version=&#8221;3.0.47&#8243; parallax=&#8221;off&#8221; parallax_method=&#8221;on&#8221; background_position=&#8221;top_left&#8221; background_repeat=&#8221;no-repeat&#8221;][et_pb_code admin_label=&#8221;breadcrumb&#8221; module_class=&#8221;header_breadcrumb&#8221; _builder_version=&#8221;3.0.61&#8243;][yoast-breadcrumb][\/et_pb_code][et_pb_text text_orientation=&#8221;center&#8221; admin_label=&#8221;Introducci\u00f3n&#8221; module_class=&#8221;box_intro&#8221; _builder_version=&#8221;3.0.61&#8243; custom_margin=&#8221;||0px|&#8221; custom_padding=&#8221;||90px|&#8221;]<\/p>\n<p>Assessorem els nostres clients en l\u2019elecci\u00f3 dels millors materials i dels productes m\u00e9s adients per als seus projectes de publicitat, comunicaci\u00f3 visual i aplicacions d\u2019imatge corporativa.<br \/>\nAportem un extens cat\u00e0leg d\u2019elements de Marqueting Visual, tant per a interior com per a exterior, per tal d\u2019aconseguir consolidar la seva marca, incrementar-ne les vendes i realitzar les millors campanyes de promoci\u00f3 i comunicaci\u00f3.<\/p>\n<p>[\/et_pb_text][\/et_pb_column][\/et_pb_row][et_pb_row use_custom_gutter=&#8221;on&#8221; gutter_width=&#8221;2&#8243; background_position_1=&#8221;top_left&#8221; background_position_2=&#8221;top_left&#8221; background_position_3=&#8221;top_left&#8221; background_position_4=&#8221;top_left&#8221; background_repeat_1=&#8221;no-repeat&#8221; background_repeat_2=&#8221;no-repeat&#8221; background_repeat_3=&#8221;no-repeat&#8221; background_repeat_4=&#8221;no-repeat&#8221; _builder_version=&#8221;3.0.61&#8243;][et_pb_column type=&#8221;1_4&#8243; _builder_version=&#8221;3.0.47&#8243; parallax=&#8221;off&#8221; parallax_method=&#8221;on&#8221; background_position=&#8221;top_left&#8221; background_repeat=&#8221;no-repeat&#8221;][et_pb_blurb title=&#8221;Expositors, PLV, Displays&#8221; url=&#8221;http:\/\/mtbranding.eu\/ca\/productos\/expositores-plv-displays\/&#8221; image=&#8221;http:\/\/mtbranding.eu\/wp-content\/uploads\/2017\/07\/productes_expositores.png&#8221; alt=&#8221;Expositores, PLV, Displays&#8221; animation=&#8221;off&#8221; admin_label=&#8221;Expositores, PLV, Displays&#8221; module_class=&#8221;box_idea&#8221; _builder_version=&#8221;3.0.61&#8243; background_color=&#8221;rgba(230,229,225,0.81)&#8221;][\/et_pb_blurb][et_pb_blurb title=&#8221;Elements publicitaris&#8221; url=&#8221;http:\/\/mtbranding.eu\/ca\/productos\/elementos-publicitarios\/&#8221; image=&#8221;http:\/\/mtbranding.eu\/wp-content\/uploads\/2017\/07\/portada_elementos_publicitarios.jpg&#8221; alt=&#8221;Elementos publicitarios&#8221; animation=&#8221;off&#8221; admin_label=&#8221;Elementos publicitarios&#8221; module_class=&#8221;box_idea&#8221; _builder_version=&#8221;3.0.61&#8243; background_color=&#8221;rgba(230,229,225,0.81)&#8221;][\/et_pb_blurb][et_pb_blurb title=&#8221;Stands ecol\u00f2gics&#8221; url=&#8221;http:\/\/mtbranding.eu\/ca\/productos\/stands-ecologicos\/&#8221; image=&#8221;http:\/\/mtbranding.eu\/wp-content\/uploads\/2017\/07\/producto_stand.jpg&#8221; alt=&#8221;Stands ecol\u00f3gicos&#8221; animation=&#8221;off&#8221; admin_label=&#8221;Stands ecol\u00f3gicos&#8221; module_class=&#8221;box_idea&#8221; _builder_version=&#8221;3.0.61&#8243; background_color=&#8221;rgba(230,229,225,0.81)&#8221;][\/et_pb_blurb][\/et_pb_column][et_pb_column type=&#8221;1_4&#8243; _builder_version=&#8221;3.0.47&#8243; parallax=&#8221;off&#8221; parallax_method=&#8221;on&#8221; background_position=&#8221;top_left&#8221; background_repeat=&#8221;no-repeat&#8221;][et_pb_blurb title=&#8221;Corporis i r\u00e8tols de fa\u00e7ana&#8221; url=&#8221;http:\/\/mtbranding.eu\/ca\/productos\/corporis-rotulos-fachada\/&#8221; image=&#8221;http:\/\/mtbranding.eu\/wp-content\/uploads\/2017\/07\/Medtronic-MADRID.jpg&#8221; alt=&#8221;Corporis y r\u00f3tulos fachada&#8221; animation=&#8221;off&#8221; admin_label=&#8221;Corporis y r\u00f3tulos fachada&#8221; module_class=&#8221;box_idea&#8221; _builder_version=&#8221;3.0.61&#8243; background_color=&#8221;rgba(230,229,225,0.81)&#8221;][\/et_pb_blurb][et_pb_blurb title=&#8221;Impressi\u00f3 gran format&#8221; url=&#8221;http:\/\/mtbranding.eu\/ca\/productos\/impresion-gran-formato\/&#8221; image=&#8221;http:\/\/mtbranding.eu\/wp-content\/uploads\/2017\/07\/productos_gran_formato.png&#8221; alt=&#8221;impresi\u00f3n gran formato&#8221; animation=&#8221;off&#8221; admin_label=&#8221;impresi\u00f3n gran formato&#8221; module_class=&#8221;box_idea&#8221; _builder_version=&#8221;3.0.61&#8243; background_color=&#8221;rgba(230,229,225,0.81)&#8221;][\/et_pb_blurb][et_pb_blurb title=&#8221;3D personalitzats&#8221; url=&#8221;http:\/\/mtbranding.eu\/ca\/productos\/3d-personalizados\/&#8221; image=&#8221;http:\/\/mtbranding.eu\/wp-content\/uploads\/2017\/07\/producto_3d.jpg&#8221; alt=&#8221;3D personalizados&#8221; animation=&#8221;off&#8221; admin_label=&#8221;3D personalizados&#8221; module_class=&#8221;box_idea&#8221; _builder_version=&#8221;3.0.61&#8243; background_color=&#8221;rgba(230,229,225,0.81)&#8221;][\/et_pb_blurb][\/et_pb_column][et_pb_column type=&#8221;1_4&#8243; _builder_version=&#8221;3.0.47&#8243; parallax=&#8221;off&#8221; parallax_method=&#8221;on&#8221; background_position=&#8221;top_left&#8221; background_repeat=&#8221;no-repeat&#8221;][et_pb_blurb title=&#8221;Senyalitzaci\u00f3 i %22Merchandising%22&#8243; url=&#8221;http:\/\/mtbranding.eu\/ca\/productos\/senaletica-y-merchandising\/&#8221; image=&#8221;http:\/\/mtbranding.eu\/wp-content\/uploads\/2017\/07\/principal_senaletica-7.jpg&#8221; alt=&#8221;Se\u00f1al\u00e9tica y merchandising&#8221; animation=&#8221;off&#8221; admin_label=&#8221;Se\u00f1al\u00e9tica y merchandising&#8221; module_class=&#8221;box_idea&#8221; _builder_version=&#8221;3.0.61&#8243; background_color=&#8221;rgba(230,229,225,0.81)&#8221;][\/et_pb_blurb][et_pb_blurb title=&#8221;Fresats, tall a l\u00e0ser i gravats&#8221; url=&#8221;http:\/\/mtbranding.eu\/ca\/productos\/fresados-corte-laser-grabados\/&#8221; image=&#8221;http:\/\/mtbranding.eu\/wp-content\/uploads\/2017\/07\/productos_fresat.png&#8221; alt=&#8221;Fresados, corte a laser y grabados&#8221; animation=&#8221;off&#8221; admin_label=&#8221;Fresados, corte a laser y grabados&#8221; module_class=&#8221;box_idea&#8221; _builder_version=&#8221;3.0.61&#8243; background_color=&#8221;rgba(230,229,225,0.81)&#8221;][\/et_pb_blurb][\/et_pb_column][et_pb_column type=&#8221;1_4&#8243; _builder_version=&#8221;3.0.47&#8243; parallax=&#8221;off&#8221; parallax_method=&#8221;on&#8221; background_position=&#8221;top_left&#8221; background_repeat=&#8221;no-repeat&#8221;][et_pb_blurb title=&#8221;Personalitzaci\u00f3 de vehicles&#8221; url=&#8221;http:\/\/mtbranding.eu\/ca\/productos\/personalizacion-de-vehiculos\/&#8221; image=&#8221;http:\/\/mtbranding.eu\/wp-content\/uploads\/2017\/07\/cessna_web.jpg&#8221; alt=&#8221;Personalizaci\u00f3n de veh\u00edculos&#8221; animation=&#8221;off&#8221; admin_label=&#8221;Personalizaci\u00f3n de veh\u00edculos&#8221; module_class=&#8221;box_idea&#8221; _builder_version=&#8221;3.0.61&#8243; background_color=&#8221;rgba(230,229,225,0.81)&#8221;][\/et_pb_blurb][et_pb_blurb title=&#8221;Mobiliari Ecol\u00f2gic&#8221; url=&#8221;http:\/\/mtbranding.eu\/ca\/productos\/mobiliario\/&#8221; image=&#8221;http:\/\/mtbranding.eu\/wp-content\/uploads\/2017\/07\/productos_mobiliario.png&#8221; alt=&#8221;Mobiliario&#8221; animation=&#8221;off&#8221; admin_label=&#8221;Mobiliario&#8221; module_class=&#8221;box_idea&#8221; _builder_version=&#8221;3.0.61&#8243; background_color=&#8221;rgba(230,229,225,0.81)&#8221;][\/et_pb_blurb][\/et_pb_column][\/et_pb_row][\/et_pb_section]<\/p>\n","protected":false},"excerpt":{"rendered":"<p>[et_pb_section fb_built=&#8221;1&#8243; custom_padding=&#8221;||0px|&#8221; fullwidth=&#8221;on&#8221; _builder_version=&#8221;3.0.61&#8243;][et_pb_fullwidth_header title=&#8221;Productes&#8221; background_layout=&#8221;dark&#8221; text_orientation=&#8221;center&#8221; module_class=&#8221;box_header&#8221; _builder_version=&#8221;3.0.61&#8243; background_image=&#8221;http:\/\/mtbranding.eu\/wp-content\/uploads\/2017\/07\/header_productos.jpg&#8221;][\/et_pb_fullwidth_header][\/et_pb_section][et_pb_section fb_built=&#8221;1&#8243; custom_padding=&#8221;0px||30px|&#8221; _builder_version=&#8221;3.0.61&#8243;][et_pb_row custom_margin=&#8221;20px|||&#8221; background_position_1=&#8221;top_left&#8221; background_repeat_1=&#8221;no-repeat&#8221; _builder_version=&#8221;3.0.61&#8243;][et_pb_column type=&#8221;4_4&#8243; _builder_version=&#8221;3.0.47&#8243; parallax=&#8221;off&#8221; parallax_method=&#8221;on&#8221; background_position=&#8221;top_left&#8221; background_repeat=&#8221;no-repeat&#8221;][et_pb_code admin_label=&#8221;breadcrumb&#8221; module_class=&#8221;header_breadcrumb&#8221; _builder_version=&#8221;3.0.61&#8243;][yoast-breadcrumb][\/et_pb_code][et_pb_text text_orientation=&#8221;center&#8221; admin_label=&#8221;Introducci\u00f3n&#8221; module_class=&#8221;box_intro&#8221; _builder_version=&#8221;3.0.61&#8243; custom_margin=&#8221;||0px|&#8221; custom_padding=&#8221;||90px|&#8221;] Assessorem els nostres clients en l\u2019elecci\u00f3 dels millors materials i dels productes m\u00e9s adients per als seus projectes de publicitat, comunicaci\u00f3 visual [&hellip;]<\/p>\n","protected":false},"author":5,"featured_media":0,"parent":0,"menu_order":0,"comment_status":"closed","ping_status":"closed","template":"","meta":{"_et_pb_use_builder":"on","_et_pb_old_content":"","_et_gb_content_width":"","_monsterinsights_skip_tracking":false,"_monsterinsights_sitenote_active":false,"_monsterinsights_sitenote_note":"","_monsterinsights_sitenote_category":0,"footnotes":""},"yoast_head":"<!-- This site is optimized with the Yoast SEO plugin v21.2 - https:\/\/yoast.com\/wordpress\/plugins\/seo\/ -->\n<title>Productes - Mobiltras<\/title>\n<meta name=\"robots\" content=\"index, follow, max-snippet:-1, max-image-preview:large, max-video-preview:-1\" \/>\n<link rel=\"canonical\" href=\"https:\/\/mobiltras.com\/ca\/productos\/\" \/>\n<meta property=\"og:locale\" content=\"ca_ES\" \/>\n<meta property=\"og:type\" content=\"article\" \/>\n<meta property=\"og:title\" content=\"Productes - Mobiltras\" \/>\n<meta property=\"og:description\" content=\"[et_pb_section fb_built=&#8221;1&#8243; custom_padding=&#8221;||0px|&#8221; fullwidth=&#8221;on&#8221; _builder_version=&#8221;3.0.61&#8243;][et_pb_fullwidth_header title=&#8221;Productes&#8221; background_layout=&#8221;dark&#8221; text_orientation=&#8221;center&#8221; module_class=&#8221;box_header&#8221; _builder_version=&#8221;3.0.61&#8243; background_image=&#8221;http:\/\/mtbranding.eu\/wp-content\/uploads\/2017\/07\/header_productos.jpg&#8221;][\/et_pb_fullwidth_header][\/et_pb_section][et_pb_section fb_built=&#8221;1&#8243; custom_padding=&#8221;0px||30px|&#8221; _builder_version=&#8221;3.0.61&#8243;][et_pb_row custom_margin=&#8221;20px|||&#8221; background_position_1=&#8221;top_left&#8221; background_repeat_1=&#8221;no-repeat&#8221; _builder_version=&#8221;3.0.61&#8243;][et_pb_column type=&#8221;4_4&#8243; _builder_version=&#8221;3.0.47&#8243; parallax=&#8221;off&#8221; parallax_method=&#8221;on&#8221; background_position=&#8221;top_left&#8221; background_repeat=&#8221;no-repeat&#8221;][et_pb_code admin_label=&#8221;breadcrumb&#8221; module_class=&#8221;header_breadcrumb&#8221; _builder_version=&#8221;3.0.61&#8243;][yoast-breadcrumb][\/et_pb_code][et_pb_text text_orientation=&#8221;center&#8221; admin_label=&#8221;Introducci\u00f3n&#8221; module_class=&#8221;box_intro&#8221; _builder_version=&#8221;3.0.61&#8243; custom_margin=&#8221;||0px|&#8221; custom_padding=&#8221;||90px|&#8221;] Assessorem els nostres clients en l\u2019elecci\u00f3 dels millors materials i dels productes m\u00e9s adients per als seus projectes de publicitat, comunicaci\u00f3 visual [&hellip;]\" \/>\n<meta property=\"og:url\" content=\"https:\/\/mobiltras.com\/productos\/\" \/>\n<meta property=\"og:site_name\" content=\"Mobiltras\" \/>\n<meta property=\"article:publisher\" content=\"https:\/\/www.facebook.com\/mobiltras\/\" \/>\n<meta property=\"article:modified_time\" content=\"2018-02-09T11:38:39+00:00\" \/>\n<meta name=\"twitter:card\" content=\"summary_large_image\" \/>\n<meta name=\"twitter:site\" content=\"@mt_branding\" \/>\n<meta name=\"twitter:label1\" content=\"Est. reading time\" \/>\n\t<meta name=\"twitter:data1\" content=\"4 minutes\" \/>\n<script type=\"application\/ld+json\" class=\"yoast-schema-graph\">{\"@context\":\"https:\/\/schema.org\",\"@graph\":[{\"@type\":\"WebPage\",\"@id\":\"https:\/\/mobiltras.com\/productos\/\",\"url\":\"https:\/\/mobiltras.com\/productos\/\",\"name\":\"Productes - Mobiltras\",\"isPartOf\":{\"@id\":\"https:\/\/mobiltras.com\/#website\"},\"datePublished\":\"2018-01-29T14:55:41+00:00\",\"dateModified\":\"2018-02-09T11:38:39+00:00\",\"breadcrumb\":{\"@id\":\"https:\/\/mobiltras.com\/productos\/#breadcrumb\"},\"inLanguage\":\"ca-ES\",\"potentialAction\":[{\"@type\":\"ReadAction\",\"target\":[\"https:\/\/mobiltras.com\/productos\/\"]}]},{\"@type\":\"BreadcrumbList\",\"@id\":\"https:\/\/mobiltras.com\/productos\/#breadcrumb\",\"itemListElement\":[{\"@type\":\"ListItem\",\"position\":1,\"name\":\"Inicio\",\"item\":\"https:\/\/mobiltras.com\/\"},{\"@type\":\"ListItem\",\"position\":2,\"name\":\"Productes\"}]},{\"@type\":\"WebSite\",\"@id\":\"https:\/\/mobiltras.com\/#website\",\"url\":\"https:\/\/mobiltras.com\/\",\"name\":\"Mobiltras\",\"description\":\"Soluciones Integrales de Comunicaci\u00f3n\",\"publisher\":{\"@id\":\"https:\/\/mobiltras.com\/#organization\"},\"potentialAction\":[{\"@type\":\"SearchAction\",\"target\":{\"@type\":\"EntryPoint\",\"urlTemplate\":\"https:\/\/mobiltras.com\/?s={search_term_string}\"},\"query-input\":\"required name=search_term_string\"}],\"inLanguage\":\"ca-ES\"},{\"@type\":\"Organization\",\"@id\":\"https:\/\/mobiltras.com\/#organization\",\"name\":\"MT Mobiltra\u00e7 Branding\",\"url\":\"https:\/\/mobiltras.com\/\",\"logo\":{\"@type\":\"ImageObject\",\"inLanguage\":\"ca-ES\",\"@id\":\"https:\/\/mobiltras.com\/#\/schema\/logo\/image\/\",\"url\":\"https:\/\/mtbranding.eu\/wp-content\/uploads\/2018\/09\/logoMT_2018.png\",\"contentUrl\":\"https:\/\/mtbranding.eu\/wp-content\/uploads\/2018\/09\/logoMT_2018.png\",\"width\":816,\"height\":369,\"caption\":\"MT Mobiltra\u00e7 Branding\"},\"image\":{\"@id\":\"https:\/\/mobiltras.com\/#\/schema\/logo\/image\/\"},\"sameAs\":[\"https:\/\/www.facebook.com\/mobiltras\/\",\"https:\/\/twitter.com\/mt_branding\",\"https:\/\/www.instagram.com\/mt.mobiltras\/\",\"https:\/\/www.linkedin.com\/company\/mtmobiltrasbranding\",\"https:\/\/www.youtube.com\/channel\/UCoKRO4IbOLeN3LT2ISsfEqA\"]}]}<\/script>\n<!-- \/ Yoast SEO plugin. -->","yoast_head_json":{"title":"Productes - Mobiltras","robots":{"index":"index","follow":"follow","max-snippet":"max-snippet:-1","max-image-preview":"max-image-preview:large","max-video-preview":"max-video-preview:-1"},"canonical":"https:\/\/mobiltras.com\/ca\/productos\/","og_locale":"ca_ES","og_type":"article","og_title":"Productes - Mobiltras","og_description":"[et_pb_section fb_built=&#8221;1&#8243; custom_padding=&#8221;||0px|&#8221; fullwidth=&#8221;on&#8221; _builder_version=&#8221;3.0.61&#8243;][et_pb_fullwidth_header title=&#8221;Productes&#8221; background_layout=&#8221;dark&#8221; text_orientation=&#8221;center&#8221; module_class=&#8221;box_header&#8221; _builder_version=&#8221;3.0.61&#8243; background_image=&#8221;http:\/\/mtbranding.eu\/wp-content\/uploads\/2017\/07\/header_productos.jpg&#8221;][\/et_pb_fullwidth_header][\/et_pb_section][et_pb_section fb_built=&#8221;1&#8243; custom_padding=&#8221;0px||30px|&#8221; _builder_version=&#8221;3.0.61&#8243;][et_pb_row custom_margin=&#8221;20px|||&#8221; background_position_1=&#8221;top_left&#8221; background_repeat_1=&#8221;no-repeat&#8221; _builder_version=&#8221;3.0.61&#8243;][et_pb_column type=&#8221;4_4&#8243; _builder_version=&#8221;3.0.47&#8243; parallax=&#8221;off&#8221; parallax_method=&#8221;on&#8221; background_position=&#8221;top_left&#8221; background_repeat=&#8221;no-repeat&#8221;][et_pb_code admin_label=&#8221;breadcrumb&#8221; module_class=&#8221;header_breadcrumb&#8221; _builder_version=&#8221;3.0.61&#8243;][yoast-breadcrumb][\/et_pb_code][et_pb_text text_orientation=&#8221;center&#8221; admin_label=&#8221;Introducci\u00f3n&#8221; module_class=&#8221;box_intro&#8221; _builder_version=&#8221;3.0.61&#8243; custom_margin=&#8221;||0px|&#8221; custom_padding=&#8221;||90px|&#8221;] Assessorem els nostres clients en l\u2019elecci\u00f3 dels millors materials i dels productes m\u00e9s adients per als seus projectes de publicitat, comunicaci\u00f3 visual [&hellip;]","og_url":"https:\/\/mobiltras.com\/productos\/","og_site_name":"Mobiltras","article_publisher":"https:\/\/www.facebook.com\/mobiltras\/","article_modified_time":"2018-02-09T11:38:39+00:00","twitter_card":"summary_large_image","twitter_site":"@mt_branding","twitter_misc":{"Est. reading time":"4 minutes"},"schema":{"@context":"https:\/\/schema.org","@graph":[{"@type":"WebPage","@id":"https:\/\/mobiltras.com\/productos\/","url":"https:\/\/mobiltras.com\/productos\/","name":"Productes - Mobiltras","isPartOf":{"@id":"https:\/\/mobiltras.com\/#website"},"datePublished":"2018-01-29T14:55:41+00:00","dateModified":"2018-02-09T11:38:39+00:00","breadcrumb":{"@id":"https:\/\/mobiltras.com\/productos\/#breadcrumb"},"inLanguage":"ca-ES","potentialAction":[{"@type":"ReadAction","target":["https:\/\/mobiltras.com\/productos\/"]}]},{"@type":"BreadcrumbList","@id":"https:\/\/mobiltras.com\/productos\/#breadcrumb","itemListElement":[{"@type":"ListItem","position":1,"name":"Inicio","item":"https:\/\/mobiltras.com\/"},{"@type":"ListItem","position":2,"name":"Productes"}]},{"@type":"WebSite","@id":"https:\/\/mobiltras.com\/#website","url":"https:\/\/mobiltras.com\/","name":"Mobiltras","description":"Soluciones Integrales de Comunicaci\u00f3n","publisher":{"@id":"https:\/\/mobiltras.com\/#organization"},"potentialAction":[{"@type":"SearchAction","target":{"@type":"EntryPoint","urlTemplate":"https:\/\/mobiltras.com\/?s={search_term_string}"},"query-input":"required name=search_term_string"}],"inLanguage":"ca-ES"},{"@type":"Organization","@id":"https:\/\/mobiltras.com\/#organization","name":"MT Mobiltra\u00e7 Branding","url":"https:\/\/mobiltras.com\/","logo":{"@type":"ImageObject","inLanguage":"ca-ES","@id":"https:\/\/mobiltras.com\/#\/schema\/logo\/image\/","url":"https:\/\/mtbranding.eu\/wp-content\/uploads\/2018\/09\/logoMT_2018.png","contentUrl":"https:\/\/mtbranding.eu\/wp-content\/uploads\/2018\/09\/logoMT_2018.png","width":816,"height":369,"caption":"MT Mobiltra\u00e7 Branding"},"image":{"@id":"https:\/\/mobiltras.com\/#\/schema\/logo\/image\/"},"sameAs":["https:\/\/www.facebook.com\/mobiltras\/","https:\/\/twitter.com\/mt_branding","https:\/\/www.instagram.com\/mt.mobiltras\/","https:\/\/www.linkedin.com\/company\/mtmobiltrasbranding","https:\/\/www.youtube.com\/channel\/UCoKRO4IbOLeN3LT2ISsfEqA"]}]}},"_links":{"self":[{"href":"https:\/\/mobiltras.com\/ca\/wp-json\/wp\/v2\/pages\/1241\/"}],"collection":[{"href":"https:\/\/mobiltras.com\/ca\/wp-json\/wp\/v2\/pages\/"}],"about":[{"href":"https:\/\/mobiltras.com\/ca\/wp-json\/wp\/v2\/types\/page\/"}],"author":[{"embeddable":true,"href":"https:\/\/mobiltras.com\/ca\/wp-json\/wp\/v2\/users\/5\/"}],"replies":[{"embeddable":true,"href":"https:\/\/mobiltras.com\/ca\/wp-json\/wp\/v2\/comments\/?post=1241"}],"version-history":[{"count":3,"href":"https:\/\/mobiltras.com\/ca\/wp-json\/wp\/v2\/pages\/1241\/revisions\/"}],"predecessor-version":[{"id":1352,"href":"https:\/\/mobiltras.com\/ca\/wp-json\/wp\/v2\/pages\/1241\/revisions\/1352\/"}],"wp:attachment":[{"href":"https:\/\/mobiltras.com\/ca\/wp-json\/wp\/v2\/media\/?parent=1241"}],"curies":[{"name":"wp","href":"https:\/\/api.w.org\/{rel}","templated":true}]}}