{"id":1138,"date":"2018-01-23T12:25:52","date_gmt":"2018-01-23T11:25:52","guid":{"rendered":"http:\/\/mtbranding.eu\/?page_id=1138"},"modified":"2018-04-26T17:16:29","modified_gmt":"2018-04-26T15:16:29","slug":"advertising-elements","status":"publish","type":"page","link":"https:\/\/mobiltras.com\/en\/products\/advertising-elements\/","title":{"rendered":"Advertising elements"},"content":{"rendered":"<p>[et_pb_section bb_built=&#8221;1&#8243; fullwidth=&#8221;on&#8221; specialty=&#8221;off&#8221; _builder_version=&#8221;3.0.61&#8243; custom_padding=&#8221;||0px|&#8221;][et_pb_fullwidth_header _builder_version=&#8221;3.0.61&#8243; title=&#8221;Productos&#8221; background_image=&#8221;http:\/\/mtbranding.eu\/wp-content\/uploads\/2017\/07\/header_productos.png&#8221; text_orientation=&#8221;center&#8221; header_fullscreen=&#8221;off&#8221; header_scroll_down=&#8221;off&#8221; image_orientation=&#8221;center&#8221; background_layout=&#8221;dark&#8221; content_orientation=&#8221;center&#8221; custom_button_one=&#8221;off&#8221; button_one_border_width=&#8221;0&#8243; button_one_letter_spacing=&#8221;0&#8243; button_one_icon_placement=&#8221;right&#8221; button_one_letter_spacing_hover=&#8221;0&#8243; custom_button_two=&#8221;off&#8221; button_two_border_width=&#8221;0&#8243; button_two_letter_spacing=&#8221;0&#8243; button_two_icon_placement=&#8221;right&#8221; button_two_letter_spacing_hover=&#8221;0&#8243; module_class=&#8221;box_header&#8221; background_position=&#8221;top_left&#8221; background_repeat=&#8221;repeat&#8221; background_size=&#8221;initial&#8221; \/][\/et_pb_section][et_pb_section bb_built=&#8221;1&#8243; _builder_version=&#8221;3.0.61&#8243; custom_padding=&#8221;0px||30px|&#8221;][et_pb_row _builder_version=&#8221;3.0.61&#8243; background_position_1=&#8221;top_left&#8221; background_repeat_1=&#8221;no-repeat&#8221; custom_margin=&#8221;20px|||&#8221;][et_pb_column type=&#8221;4_4&#8243;][et_pb_code admin_label=&#8221;breadcrumb&#8221; _builder_version=&#8221;3.0.61&#8243; module_class=&#8221;header_breadcrumb&#8221;][yoast-breadcrumb][\/et_pb_code][\/et_pb_column][\/et_pb_row][et_pb_row _builder_version=&#8221;3.0.61&#8243; background_position_1=&#8221;top_left&#8221; background_repeat_1=&#8221;no-repeat&#8221; background_position_2=&#8221;top_left&#8221; background_repeat_2=&#8221;no-repeat&#8221; background_position_3=&#8221;top_left&#8221; background_repeat_3=&#8221;no-repeat&#8221; background_position_4=&#8221;top_left&#8221; background_repeat_4=&#8221;no-repeat&#8221; use_custom_gutter=&#8221;on&#8221; gutter_width=&#8221;2&#8243;][et_pb_column type=&#8221;2_3&#8243;][et_pb_text admin_label=&#8221;T\u00edtulo Producto&#8221; _builder_version=&#8221;3.0.61&#8243; background_layout=&#8221;light&#8221; text_orientation=&#8221;left&#8221; border_style=&#8221;solid&#8221;]<\/p>\n<h2>Elementos publicitarios<\/h2>\n<p>[\/et_pb_text][et_pb_image _builder_version=&#8221;3.0.61&#8243; src=&#8221;http:\/\/mtbranding.eu\/wp-content\/uploads\/2017\/07\/header_elementos_publicitarios.jpg&#8221; show_in_lightbox=&#8221;off&#8221; url_new_window=&#8221;off&#8221; use_overlay=&#8221;off&#8221; sticky=&#8221;off&#8221; align=&#8221;left&#8221; always_center_on_mobile=&#8221;on&#8221; border_style=&#8221;solid&#8221; force_fullwidth=&#8221;off&#8221; animation=&#8221;off&#8221; \/][et_pb_text admin_label=&#8221;Texto destacado&#8221; _builder_version=&#8221;3.0.61&#8243; background_layout=&#8221;light&#8221; text_orientation=&#8221;left&#8221; border_style=&#8221;solid&#8221; module_class=&#8221;box_txt_destacado&#8221;]<\/p>\n<p>En <strong>MT Branding<\/strong> fabricamos todo tipo de elementos promocionales y publicitarios a medida, utilizando las t\u00e9cnicas m\u00e1s avanzadas de impresi\u00f3n y grabado.<\/p>\n<p>[\/et_pb_text][et_pb_text _builder_version=&#8221;3.0.61&#8243; background_layout=&#8221;light&#8221; text_orientation=&#8221;left&#8221; border_style=&#8221;solid&#8221;]<\/p>\n<p>Producimos soportes y piezas publicitarias que le permitir\u00e1n diferenciarse de su competencia, con ideas innovadoras y originales. Nuestro servicio de asesoramiento le aconsejar\u00e1 en la selecci\u00f3n de los materiales y acabados m\u00e1s adecuados para cada proyecto.<\/p>\n<p>Realizamos todo tipo de carteler\u00eda en gran formato, elementos volum\u00e9tricos 3D, displays y expositores troquelados para punto de venta, rotulaci\u00f3n, as\u00ed como elementos de merchandising personalizados en madera, metacrilato \u00f3 poliuretano.<\/p>\n<p>Nos avala una gran experiencia y capacidad resolutiva, lo que nos permite trabajar con una creatividad SIN l\u00edmites, encontrando siempre la soluci\u00f3n t\u00e9cnica m\u00e1s apropiada para llevar a cabo su proyecto o dise\u00f1o.<\/p>\n<p>[\/et_pb_text][et_pb_text admin_label=&#8221;Aplicaciones&#8221; _builder_version=&#8221;3.0.61&#8243; background_layout=&#8221;light&#8221; text_orientation=&#8221;left&#8221; border_style=&#8221;solid&#8221; module_class=&#8221;list_aplicaciones&#8221; disabled=&#8221;on&#8221; disabled_on=&#8221;on|on|on&#8221;]<\/p>\n<h3>APLICACIONS<\/h3>\n<ul>\n<li>&#8211;<\/li>\n<\/ul>\n<p>[\/et_pb_text][\/et_pb_column][et_pb_column type=&#8221;1_3&#8243;][et_pb_sidebar _builder_version=&#8221;3.0.61&#8243; area=&#8221;et_pb_widget_area_1&#8243; orientation=&#8221;right&#8221; background_layout=&#8221;light&#8221; module_class=&#8221;sidebar_producto&#8221; remove_border=&#8221;on&#8221; \/][\/et_pb_column][\/et_pb_row][et_pb_row _builder_version=&#8221;3.0.61&#8243; background_position_1=&#8221;top_left&#8221; background_repeat_1=&#8221;no-repeat&#8221; make_fullwidth=&#8221;on&#8221; use_custom_gutter=&#8221;on&#8221; gutter_width=&#8221;1&#8243;][et_pb_column type=&#8221;4_4&#8243;][et_pb_gallery _builder_version=&#8221;3.0.61&#8243; show_title_and_caption=&#8221;off&#8221; show_pagination=&#8221;off&#8221; gallery_ids=&#8221;758,705,665,701&#8243; fullwidth=&#8221;off&#8221; orientation=&#8221;landscape&#8221; zoom_icon_color=&#8221;#ff8300&#8243; hover_overlay_color=&#8221;rgba(255,255,255,0.9)&#8221; background_layout=&#8221;light&#8221; border_style=&#8221;solid&#8221; auto=&#8221;off&#8221; \/][\/et_pb_column][\/et_pb_row][et_pb_row][et_pb_column type=&#8221;1_2&#8243;][\/et_pb_column][et_pb_column type=&#8221;1_2&#8243;][\/et_pb_column][\/et_pb_row][\/et_pb_section]<\/p>\n","protected":false},"excerpt":{"rendered":"<p>[et_pb_section bb_built=&#8221;1&#8243; fullwidth=&#8221;on&#8221; specialty=&#8221;off&#8221; _builder_version=&#8221;3.0.61&#8243; custom_padding=&#8221;||0px|&#8221;][et_pb_fullwidth_header _builder_version=&#8221;3.0.61&#8243; title=&#8221;Productos&#8221; background_image=&#8221;http:\/\/mtbranding.eu\/wp-content\/uploads\/2017\/07\/header_productos.png&#8221; text_orientation=&#8221;center&#8221; header_fullscreen=&#8221;off&#8221; header_scroll_down=&#8221;off&#8221; image_orientation=&#8221;center&#8221; background_layout=&#8221;dark&#8221; content_orientation=&#8221;center&#8221; custom_button_one=&#8221;off&#8221; button_one_border_width=&#8221;0&#8243; button_one_letter_spacing=&#8221;0&#8243; button_one_icon_placement=&#8221;right&#8221; button_one_letter_spacing_hover=&#8221;0&#8243; custom_button_two=&#8221;off&#8221; button_two_border_width=&#8221;0&#8243; button_two_letter_spacing=&#8221;0&#8243; button_two_icon_placement=&#8221;right&#8221; button_two_letter_spacing_hover=&#8221;0&#8243; module_class=&#8221;box_header&#8221; background_position=&#8221;top_left&#8221; background_repeat=&#8221;repeat&#8221; background_size=&#8221;initial&#8221; \/][\/et_pb_section][et_pb_section bb_built=&#8221;1&#8243; _builder_version=&#8221;3.0.61&#8243; custom_padding=&#8221;0px||30px|&#8221;][et_pb_row _builder_version=&#8221;3.0.61&#8243; background_position_1=&#8221;top_left&#8221; background_repeat_1=&#8221;no-repeat&#8221; custom_margin=&#8221;20px|||&#8221;][et_pb_column type=&#8221;4_4&#8243;][et_pb_code admin_label=&#8221;breadcrumb&#8221; _builder_version=&#8221;3.0.61&#8243; module_class=&#8221;header_breadcrumb&#8221;][yoast-breadcrumb][\/et_pb_code][\/et_pb_column][\/et_pb_row][et_pb_row _builder_version=&#8221;3.0.61&#8243; background_position_1=&#8221;top_left&#8221; background_repeat_1=&#8221;no-repeat&#8221; background_position_2=&#8221;top_left&#8221; background_repeat_2=&#8221;no-repeat&#8221; background_position_3=&#8221;top_left&#8221; background_repeat_3=&#8221;no-repeat&#8221; background_position_4=&#8221;top_left&#8221; background_repeat_4=&#8221;no-repeat&#8221; use_custom_gutter=&#8221;on&#8221; gutter_width=&#8221;2&#8243;][et_pb_column type=&#8221;2_3&#8243;][et_pb_text admin_label=&#8221;T\u00edtulo Producto&#8221; [&hellip;]<\/p>\n","protected":false},"author":5,"featured_media":0,"parent":1126,"menu_order":0,"comment_status":"closed","ping_status":"closed","template":"","meta":{"_et_pb_use_builder":"on","_et_pb_old_content":"","_et_gb_content_width":"","_monsterinsights_skip_tracking":false,"_monsterinsights_sitenote_active":false,"_monsterinsights_sitenote_note":"","_monsterinsights_sitenote_category":0,"footnotes":""},"yoast_head":"<!-- This site is optimized with the Yoast SEO plugin v21.2 - https:\/\/yoast.com\/wordpress\/plugins\/seo\/ -->\n<title>Advertising elements - Mobiltras<\/title>\n<meta name=\"robots\" content=\"index, follow, max-snippet:-1, max-image-preview:large, max-video-preview:-1\" \/>\n<link rel=\"canonical\" href=\"https:\/\/mobiltras.com\/en\/productos\/elementos-publicitarios\/\" \/>\n<meta property=\"og:locale\" content=\"en_US\" \/>\n<meta property=\"og:type\" content=\"article\" \/>\n<meta property=\"og:title\" content=\"Advertising elements - Mobiltras\" \/>\n<meta property=\"og:description\" content=\"[et_pb_section bb_built=&#8221;1&#8243; fullwidth=&#8221;on&#8221; specialty=&#8221;off&#8221; _builder_version=&#8221;3.0.61&#8243; custom_padding=&#8221;||0px|&#8221;][et_pb_fullwidth_header _builder_version=&#8221;3.0.61&#8243; title=&#8221;Productos&#8221; background_image=&#8221;http:\/\/mtbranding.eu\/wp-content\/uploads\/2017\/07\/header_productos.png&#8221; text_orientation=&#8221;center&#8221; header_fullscreen=&#8221;off&#8221; header_scroll_down=&#8221;off&#8221; image_orientation=&#8221;center&#8221; background_layout=&#8221;dark&#8221; content_orientation=&#8221;center&#8221; custom_button_one=&#8221;off&#8221; button_one_border_width=&#8221;0&#8243; button_one_letter_spacing=&#8221;0&#8243; button_one_icon_placement=&#8221;right&#8221; button_one_letter_spacing_hover=&#8221;0&#8243; custom_button_two=&#8221;off&#8221; button_two_border_width=&#8221;0&#8243; button_two_letter_spacing=&#8221;0&#8243; button_two_icon_placement=&#8221;right&#8221; button_two_letter_spacing_hover=&#8221;0&#8243; module_class=&#8221;box_header&#8221; background_position=&#8221;top_left&#8221; background_repeat=&#8221;repeat&#8221; background_size=&#8221;initial&#8221; \/][\/et_pb_section][et_pb_section bb_built=&#8221;1&#8243; _builder_version=&#8221;3.0.61&#8243; custom_padding=&#8221;0px||30px|&#8221;][et_pb_row _builder_version=&#8221;3.0.61&#8243; background_position_1=&#8221;top_left&#8221; background_repeat_1=&#8221;no-repeat&#8221; custom_margin=&#8221;20px|||&#8221;][et_pb_column type=&#8221;4_4&#8243;][et_pb_code admin_label=&#8221;breadcrumb&#8221; _builder_version=&#8221;3.0.61&#8243; module_class=&#8221;header_breadcrumb&#8221;][yoast-breadcrumb][\/et_pb_code][\/et_pb_column][\/et_pb_row][et_pb_row _builder_version=&#8221;3.0.61&#8243; background_position_1=&#8221;top_left&#8221; background_repeat_1=&#8221;no-repeat&#8221; background_position_2=&#8221;top_left&#8221; background_repeat_2=&#8221;no-repeat&#8221; background_position_3=&#8221;top_left&#8221; background_repeat_3=&#8221;no-repeat&#8221; background_position_4=&#8221;top_left&#8221; background_repeat_4=&#8221;no-repeat&#8221; use_custom_gutter=&#8221;on&#8221; gutter_width=&#8221;2&#8243;][et_pb_column type=&#8221;2_3&#8243;][et_pb_text admin_label=&#8221;T\u00edtulo Producto&#8221; [&hellip;]\" \/>\n<meta property=\"og:url\" content=\"https:\/\/mobiltras.com\/productos\/elementos-publicitarios\/\" \/>\n<meta property=\"og:site_name\" content=\"Mobiltras\" \/>\n<meta property=\"article:publisher\" content=\"https:\/\/www.facebook.com\/mobiltras\/\" \/>\n<meta property=\"article:modified_time\" content=\"2018-04-26T15:16:29+00:00\" \/>\n<meta name=\"twitter:card\" content=\"summary_large_image\" \/>\n<meta name=\"twitter:site\" content=\"@mt_branding\" \/>\n<meta name=\"twitter:label1\" content=\"Est. reading time\" \/>\n\t<meta name=\"twitter:data1\" content=\"3 minutes\" \/>\n<script type=\"application\/ld+json\" class=\"yoast-schema-graph\">{\"@context\":\"https:\/\/schema.org\",\"@graph\":[{\"@type\":\"WebPage\",\"@id\":\"https:\/\/mobiltras.com\/productos\/elementos-publicitarios\/\",\"url\":\"https:\/\/mobiltras.com\/productos\/elementos-publicitarios\/\",\"name\":\"Advertising elements - Mobiltras\",\"isPartOf\":{\"@id\":\"https:\/\/mobiltras.com\/#website\"},\"datePublished\":\"2018-01-23T11:25:52+00:00\",\"dateModified\":\"2018-04-26T15:16:29+00:00\",\"breadcrumb\":{\"@id\":\"https:\/\/mobiltras.com\/productos\/elementos-publicitarios\/#breadcrumb\"},\"inLanguage\":\"en-US\",\"potentialAction\":[{\"@type\":\"ReadAction\",\"target\":[\"https:\/\/mobiltras.com\/productos\/elementos-publicitarios\/\"]}]},{\"@type\":\"BreadcrumbList\",\"@id\":\"https:\/\/mobiltras.com\/productos\/elementos-publicitarios\/#breadcrumb\",\"itemListElement\":[{\"@type\":\"ListItem\",\"position\":1,\"name\":\"Inicio\",\"item\":\"https:\/\/mobiltras.com\/\"},{\"@type\":\"ListItem\",\"position\":2,\"name\":\"Products\",\"item\":\"https:\/\/mobiltras.com\/productos\/\"},{\"@type\":\"ListItem\",\"position\":3,\"name\":\"Advertising elements\"}]},{\"@type\":\"WebSite\",\"@id\":\"https:\/\/mobiltras.com\/#website\",\"url\":\"https:\/\/mobiltras.com\/\",\"name\":\"Mobiltras\",\"description\":\"Soluciones Integrales de Comunicaci\u00f3n\",\"publisher\":{\"@id\":\"https:\/\/mobiltras.com\/#organization\"},\"potentialAction\":[{\"@type\":\"SearchAction\",\"target\":{\"@type\":\"EntryPoint\",\"urlTemplate\":\"https:\/\/mobiltras.com\/?s={search_term_string}\"},\"query-input\":\"required name=search_term_string\"}],\"inLanguage\":\"en-US\"},{\"@type\":\"Organization\",\"@id\":\"https:\/\/mobiltras.com\/#organization\",\"name\":\"MT Mobiltra\u00e7 Branding\",\"url\":\"https:\/\/mobiltras.com\/\",\"logo\":{\"@type\":\"ImageObject\",\"inLanguage\":\"en-US\",\"@id\":\"https:\/\/mobiltras.com\/#\/schema\/logo\/image\/\",\"url\":\"https:\/\/mtbranding.eu\/wp-content\/uploads\/2018\/09\/logoMT_2018.png\",\"contentUrl\":\"https:\/\/mtbranding.eu\/wp-content\/uploads\/2018\/09\/logoMT_2018.png\",\"width\":816,\"height\":369,\"caption\":\"MT Mobiltra\u00e7 Branding\"},\"image\":{\"@id\":\"https:\/\/mobiltras.com\/#\/schema\/logo\/image\/\"},\"sameAs\":[\"https:\/\/www.facebook.com\/mobiltras\/\",\"https:\/\/twitter.com\/mt_branding\",\"https:\/\/www.instagram.com\/mt.mobiltras\/\",\"https:\/\/www.linkedin.com\/company\/mtmobiltrasbranding\",\"https:\/\/www.youtube.com\/channel\/UCoKRO4IbOLeN3LT2ISsfEqA\"]}]}<\/script>\n<!-- \/ Yoast SEO plugin. -->","yoast_head_json":{"title":"Advertising elements - Mobiltras","robots":{"index":"index","follow":"follow","max-snippet":"max-snippet:-1","max-image-preview":"max-image-preview:large","max-video-preview":"max-video-preview:-1"},"canonical":"https:\/\/mobiltras.com\/en\/productos\/elementos-publicitarios\/","og_locale":"en_US","og_type":"article","og_title":"Advertising elements - Mobiltras","og_description":"[et_pb_section bb_built=&#8221;1&#8243; fullwidth=&#8221;on&#8221; specialty=&#8221;off&#8221; _builder_version=&#8221;3.0.61&#8243; custom_padding=&#8221;||0px|&#8221;][et_pb_fullwidth_header _builder_version=&#8221;3.0.61&#8243; title=&#8221;Productos&#8221; background_image=&#8221;http:\/\/mtbranding.eu\/wp-content\/uploads\/2017\/07\/header_productos.png&#8221; text_orientation=&#8221;center&#8221; header_fullscreen=&#8221;off&#8221; header_scroll_down=&#8221;off&#8221; image_orientation=&#8221;center&#8221; background_layout=&#8221;dark&#8221; content_orientation=&#8221;center&#8221; custom_button_one=&#8221;off&#8221; button_one_border_width=&#8221;0&#8243; button_one_letter_spacing=&#8221;0&#8243; button_one_icon_placement=&#8221;right&#8221; button_one_letter_spacing_hover=&#8221;0&#8243; custom_button_two=&#8221;off&#8221; button_two_border_width=&#8221;0&#8243; button_two_letter_spacing=&#8221;0&#8243; button_two_icon_placement=&#8221;right&#8221; button_two_letter_spacing_hover=&#8221;0&#8243; module_class=&#8221;box_header&#8221; background_position=&#8221;top_left&#8221; background_repeat=&#8221;repeat&#8221; background_size=&#8221;initial&#8221; \/][\/et_pb_section][et_pb_section bb_built=&#8221;1&#8243; _builder_version=&#8221;3.0.61&#8243; custom_padding=&#8221;0px||30px|&#8221;][et_pb_row _builder_version=&#8221;3.0.61&#8243; background_position_1=&#8221;top_left&#8221; background_repeat_1=&#8221;no-repeat&#8221; custom_margin=&#8221;20px|||&#8221;][et_pb_column type=&#8221;4_4&#8243;][et_pb_code admin_label=&#8221;breadcrumb&#8221; _builder_version=&#8221;3.0.61&#8243; module_class=&#8221;header_breadcrumb&#8221;][yoast-breadcrumb][\/et_pb_code][\/et_pb_column][\/et_pb_row][et_pb_row _builder_version=&#8221;3.0.61&#8243; background_position_1=&#8221;top_left&#8221; background_repeat_1=&#8221;no-repeat&#8221; background_position_2=&#8221;top_left&#8221; background_repeat_2=&#8221;no-repeat&#8221; background_position_3=&#8221;top_left&#8221; background_repeat_3=&#8221;no-repeat&#8221; background_position_4=&#8221;top_left&#8221; background_repeat_4=&#8221;no-repeat&#8221; use_custom_gutter=&#8221;on&#8221; gutter_width=&#8221;2&#8243;][et_pb_column type=&#8221;2_3&#8243;][et_pb_text admin_label=&#8221;T\u00edtulo Producto&#8221; [&hellip;]","og_url":"https:\/\/mobiltras.com\/productos\/elementos-publicitarios\/","og_site_name":"Mobiltras","article_publisher":"https:\/\/www.facebook.com\/mobiltras\/","article_modified_time":"2018-04-26T15:16:29+00:00","twitter_card":"summary_large_image","twitter_site":"@mt_branding","twitter_misc":{"Est. reading time":"3 minutes"},"schema":{"@context":"https:\/\/schema.org","@graph":[{"@type":"WebPage","@id":"https:\/\/mobiltras.com\/productos\/elementos-publicitarios\/","url":"https:\/\/mobiltras.com\/productos\/elementos-publicitarios\/","name":"Advertising elements - Mobiltras","isPartOf":{"@id":"https:\/\/mobiltras.com\/#website"},"datePublished":"2018-01-23T11:25:52+00:00","dateModified":"2018-04-26T15:16:29+00:00","breadcrumb":{"@id":"https:\/\/mobiltras.com\/productos\/elementos-publicitarios\/#breadcrumb"},"inLanguage":"en-US","potentialAction":[{"@type":"ReadAction","target":["https:\/\/mobiltras.com\/productos\/elementos-publicitarios\/"]}]},{"@type":"BreadcrumbList","@id":"https:\/\/mobiltras.com\/productos\/elementos-publicitarios\/#breadcrumb","itemListElement":[{"@type":"ListItem","position":1,"name":"Inicio","item":"https:\/\/mobiltras.com\/"},{"@type":"ListItem","position":2,"name":"Products","item":"https:\/\/mobiltras.com\/productos\/"},{"@type":"ListItem","position":3,"name":"Advertising elements"}]},{"@type":"WebSite","@id":"https:\/\/mobiltras.com\/#website","url":"https:\/\/mobiltras.com\/","name":"Mobiltras","description":"Soluciones Integrales de Comunicaci\u00f3n","publisher":{"@id":"https:\/\/mobiltras.com\/#organization"},"potentialAction":[{"@type":"SearchAction","target":{"@type":"EntryPoint","urlTemplate":"https:\/\/mobiltras.com\/?s={search_term_string}"},"query-input":"required name=search_term_string"}],"inLanguage":"en-US"},{"@type":"Organization","@id":"https:\/\/mobiltras.com\/#organization","name":"MT Mobiltra\u00e7 Branding","url":"https:\/\/mobiltras.com\/","logo":{"@type":"ImageObject","inLanguage":"en-US","@id":"https:\/\/mobiltras.com\/#\/schema\/logo\/image\/","url":"https:\/\/mtbranding.eu\/wp-content\/uploads\/2018\/09\/logoMT_2018.png","contentUrl":"https:\/\/mtbranding.eu\/wp-content\/uploads\/2018\/09\/logoMT_2018.png","width":816,"height":369,"caption":"MT Mobiltra\u00e7 Branding"},"image":{"@id":"https:\/\/mobiltras.com\/#\/schema\/logo\/image\/"},"sameAs":["https:\/\/www.facebook.com\/mobiltras\/","https:\/\/twitter.com\/mt_branding","https:\/\/www.instagram.com\/mt.mobiltras\/","https:\/\/www.linkedin.com\/company\/mtmobiltrasbranding","https:\/\/www.youtube.com\/channel\/UCoKRO4IbOLeN3LT2ISsfEqA"]}]}},"_links":{"self":[{"href":"https:\/\/mobiltras.com\/en\/wp-json\/wp\/v2\/pages\/1138\/"}],"collection":[{"href":"https:\/\/mobiltras.com\/en\/wp-json\/wp\/v2\/pages\/"}],"about":[{"href":"https:\/\/mobiltras.com\/en\/wp-json\/wp\/v2\/types\/page\/"}],"author":[{"embeddable":true,"href":"https:\/\/mobiltras.com\/en\/wp-json\/wp\/v2\/users\/5\/"}],"replies":[{"embeddable":true,"href":"https:\/\/mobiltras.com\/en\/wp-json\/wp\/v2\/comments\/?post=1138"}],"version-history":[{"count":8,"href":"https:\/\/mobiltras.com\/en\/wp-json\/wp\/v2\/pages\/1138\/revisions\/"}],"predecessor-version":[{"id":1663,"href":"https:\/\/mobiltras.com\/en\/wp-json\/wp\/v2\/pages\/1138\/revisions\/1663\/"}],"up":[{"embeddable":true,"href":"https:\/\/mobiltras.com\/en\/wp-json\/wp\/v2\/pages\/1126\/"}],"wp:attachment":[{"href":"https:\/\/mobiltras.com\/en\/wp-json\/wp\/v2\/media\/?parent=1138"}],"curies":[{"name":"wp","href":"https:\/\/api.w.org\/{rel}","templated":true}]}}