{"id":1630,"date":"2017-07-26T17:15:57","date_gmt":"2017-07-26T16:15:57","guid":{"rendered":"http:\/\/mtbranding.eu\/aviso-legal\/"},"modified":"2018-04-26T16:50:49","modified_gmt":"2018-04-26T14:50:49","slug":"aviso-legal","status":"publish","type":"page","link":"https:\/\/mobiltras.com\/en\/aviso-legal\/","title":{"rendered":"Aviso Legal"},"content":{"rendered":"<h1>AVISO LEGAL<\/h1>\n<p>Menciones preceptuadas por la Ley 34\/2002, de 11 de julio, de servicios de la sociedad de la informaci\u00f3n y del comercio electr\u00f3nico, art\u00edculo 10, Informaci\u00f3n General:<br \/>\nNombre social : MT Mobiltras Branding, S.L.<br \/>\nDomicilio social :<br \/>\nC\/ Campoamor, 32 Pol\u00edgono Empresaria Can Fatj\u00f3 del Aurons, 28290 Cerdanyola del Vall\u00e9s<br \/>\nDirecci\u00f3n de correo electr\u00f3nico:<br \/>\n<a href=\"mailto:info@mobiltras.com\">info@mobiltras.com<\/a><br \/>\nN\u00famero de identificaci\u00f3n fiscal:<br \/>\nC.I.F. B-64047814<\/p>\n<h1>CONDICIONES GENERALES Y POL\u00cdTICA DE PRIVACIDAD<\/h1>\n<p>1.- T\u00e9rminos de uso<br \/>\nEl usuario se obliga a utilizar la informaci\u00f3n contenida en la presente p\u00e1gina Web para sus propias necesidades exclusivamente y a no realizar directa o indirectamente ning\u00fan tipo de explotaci\u00f3n comercial de los contenidos y servicios a los que tiene acceso.<br \/>\nEl usuario tendr\u00e1 derecho al acceso libre y gratuito de la informaci\u00f3n p\u00fablica recogida en la misma, si bien MT Mobiltras Branding se reserva el derecho a restringir el acceso a determinadas secciones y servicios del Portal<br \/>\nEs intenci\u00f3n de MT Mobiltras Branding ofrecer en todo momento una informaci\u00f3n veraz y actualizada. Sin embargo, esta informaci\u00f3n puede contener incorrecciones tipogr\u00e1ficas o incluso t\u00e9cnicas y MT Mobiltras Branding no se responsabiliza de la idoneidad de la informaci\u00f3n contenida en la Web.<br \/>\n2.- Enlaces (Links)<br \/>\nEsta Web puede ofrecer diferentes enlaces con otras p\u00e1ginas Web de terceros, cuyo contenido puede variar, de forma r\u00e1pida, por las caracter\u00edsticas propias de Internet. Por tanto, MT Mobiltras Branding no se hace responsable de las informaciones, servicios y contenido en general de dichas p\u00e1ginas Web de terceros.<br \/>\nCualquier p\u00e1gina externa a la que se acceda desde la p\u00e1gina de MT Mobiltras Branding es independiente y MT Mobiltras Branding no tiene ning\u00fan control del contenido de esa p\u00e1gina. Adem\u00e1s, un enlace con cualquier otra p\u00e1gina que no sea de MT Mobiltras Branding no implica que \u00e9sta respalde o acepte ninguna responsabilidad por su contenido o uso.<br \/>\n3.- Utilizaci\u00f3n de Cookies<br \/>\nMT Mobiltras Branding te informa que tienes instaladas cookies en tus sistemas. Las cookies son peque\u00f1os archivos de texto que el navegador almacena dentro del disco duro de tu ordenador. Cuando navegas a trav\u00e9s de la p\u00e1gina Web de MT Mobiltras Branding, el servidor podr\u00e1 reconocer la cookie y proporcionar informaci\u00f3n sobre tu \u00faltima visita. La mayor\u00eda de los navegadores admiten el uso de cookies de forma autom\u00e1tica, pero puedes configurar tu navegador para ser avisado en la pantalla de tu ordenador sobre la recepci\u00f3n de cookies y, de esta forma, impedir su instalaci\u00f3n en tu disco duro.<br \/>\n4.- Derechos de propiedad intelectual e industrial<br \/>\nLos derechos relativos a la propiedad industrial e intelectual (a t\u00edtulo enunciativo y no limitativo las marcas, logotipos, textos, fotograf\u00edas, iconos, im\u00e1genes, etc., as\u00ed como el dise\u00f1o gr\u00e1fico, c\u00f3digo fuente y dem\u00e1s elementos de software contenidos en la presente p\u00e1gina Web), son propiedad de MT Mobiltras Branding. Por tanto, est\u00e1n sujetos a derechos de propiedad intelectual e industrial protegidos por la legislaci\u00f3n espa\u00f1ola e internacional.<br \/>\nSin la previa autorizaci\u00f3n escrita de forma fehaciente de MT Mobiltras Branding, no est\u00e1 permitido utilizar, reproducir, transmitir, manipular, as\u00ed como cualquier uso que exceda de la utilizaci\u00f3n necesaria para la visita de la p\u00e1gina y el uso de los servicios ofrecidos. El acceso a los servicios suministrados no supone por parte de MT Mobiltras Branding renuncia, transmisi\u00f3n, ni cesi\u00f3n total o parcial de los derechos derivados de la propiedad intelectual e industrial, ni atribuye derechos de utilizaci\u00f3n, alteraci\u00f3n, explotaci\u00f3n, reproducci\u00f3n, distribuci\u00f3n o comunicaci\u00f3n p\u00fablica sobre estos contenidos sin la previa y expresa autorizaci\u00f3n por escrito de los respectivos titulares de dichos derechos, sin perjuicio del derecho de visualizaci\u00f3n y obtenci\u00f3n de copia privada de seguridad de tales contenidos, siempre que dicho derecho se ejercite seg\u00fan los principios de buena fe y siempre que se mantenga inalterada la propiedad intelectual e industrial del titular de tales derechos, se utilice sin fines comerciales y exclusivamente para informaci\u00f3n personal del usuario. La responsabilidad derivada del uso de materiales protegidos por los derechos de propiedad intelectual e industrial contenidos en esta p\u00e1gina corresponder\u00e1 exclusivamente al usuario.<br \/>\n5.- Confidencialidad y Protecci\u00f3n de Datos<br \/>\nLa informaci\u00f3n recibida por MT Mobiltras Branding a trav\u00e9s de la presente p\u00e1gina Web ser\u00e1 tratada con la m\u00e1xima confidencialidad.<br \/>\nA los efectos de lo previsto en la Ley Org\u00e1nica 15\/1999, de 13 de diciembre, de Protecci\u00f3n de Datos de Car\u00e1cter Personal, MT Mobiltras Branding informa al usuario de que los datos personales que pueda facilitar a trav\u00e9s de esta p\u00e1gina Web son incorporados en ficheros titularidad de la misma con la finalidad de desarrollar adecuadamente las solicitudes de los usuarios.<br \/>\nMT Mobiltras Branding podr\u00e1 utilizar los datos identificativos y de contacto de los usuarios para mantenerles informados sobre las actividades, productos y servicios de la empresa, o de otras actividades relacionadas con la misma, que puedan resultar de su inter\u00e9s.<br \/>\nDerechos de acceso, rectificaci\u00f3n, cancelaci\u00f3n y oposici\u00f3n<br \/>\nPara ejercitar los derechos de acceso, rectificaci\u00f3n, cancelaci\u00f3n y oposici\u00f3n previstos en la Ley el usuario puede dirigirse mediante escrito a MT Mobiltras Branding, Ref. Protecci\u00f3n de datos, C\/ Campoamor, 32 Pol\u00edgono Empresaria Can Fatj\u00f3 del Aurons, 28290 Cerdanyola del Vall\u00e9s, o bien, por correo electr\u00f3nico a <a href=\"mailto:info@mobiltras.com\">info@mobiltras.com<\/a><br \/>\nSeguridad en el tratamiento, proceso inform\u00e1tico y custodia de datos<br \/>\nMT Mobiltras Branding declara y garantiza que mantiene los niveles de seguridad de protecci\u00f3n de datos personales conforme al Real Decreto 1720\/2007 de 21 de diciembre, por el que se aprueba el Reglamento de desarrollo de la Ley Org\u00e1nica 15\/199 de 13 de diciembre, de protecci\u00f3n de datos de car\u00e1cter personal, que ha establecido todos los medios t\u00e9cnicos a su alcance para evitar la p\u00e9rdida, mal uso, alteraci\u00f3n, acceso no autorizado y robo de los datos facilitados por los usuarios, sin perjuicio de informar que las medidas de seguridad en Internet no son inexpugnables.<br \/>\n6.- \u00c9tica y responsabilidad del usuario de la p\u00e1gina Web corporativa:<br \/>\nMT Mobiltras Branding no ser\u00e1 en ning\u00fan caso responsable del uso de la Web Corporativa que realice el usuario. El usuario se abstendr\u00e1 de llevar a cabo cualquier conducta en el uso de la Web corporativa o de los recursos puestos a su disposici\u00f3n que atente contra los derechos de propiedad intelectual o industrial de MT Mobiltras Branding o de terceros, que vulnere o transgreda el honor, la intimidad personal o familiar o la imagen a terceros, o que sean il\u00edcitos o atenten a la moralidad y dejar\u00e1 en todo caso indemne a MT Mobiltras Branding frente cualquier reclamaci\u00f3n, judicial o extrajudicial, que se presente frente a ella como consecuencia de dicho uso. El usuario se abstendr\u00e1 de llevar a cabo por cualquier medio cualquier destrucci\u00f3n, alteraci\u00f3n, inutilizaci\u00f3n o da\u00f1os de los datos, programas o documentos electr\u00f3nicos pertenecientes a MT Mobiltras Branding, as\u00ed como de introducci\u00f3n o difundir en la Red programas, virus, applets, o cualquier instrumento f\u00edsico o electr\u00f3nico que causen o sean susceptibles de causar cualquier tipo de alteraci\u00f3n en la Red, en el sistema, o en los equipos de terceros.<br \/>\n7.- Ley aplicable \u2013 Jurisdicci\u00f3n<br \/>\nLa resoluci\u00f3n de cualquier controversia o divergencia relacionada con el presente sitio Web se regir\u00e1 por la legislaci\u00f3n espa\u00f1ola, siendo exclusivamente competentes los Juzgados y Tribunales de la ciudad de Barcelona.<\/p>\n","protected":false},"excerpt":{"rendered":"<p>AVISO LEGAL Menciones preceptuadas por la Ley 34\/2002, de 11 de julio, de servicios de la sociedad de la informaci\u00f3n y del comercio electr\u00f3nico, art\u00edculo 10, Informaci\u00f3n General: Nombre social : MT Mobiltras Branding, S.L. Domicilio social : C\/ Campoamor, 32 Pol\u00edgono Empresaria Can Fatj\u00f3 del Aurons, 28290 Cerdanyola del Vall\u00e9s Direcci\u00f3n de correo electr\u00f3nico: [&hellip;]<\/p>\n","protected":false},"author":1,"featured_media":0,"parent":0,"menu_order":0,"comment_status":"closed","ping_status":"closed","template":"","meta":{"_et_pb_use_builder":"on","_et_pb_old_content":"","_et_gb_content_width":"","_monsterinsights_skip_tracking":false,"_monsterinsights_sitenote_active":false,"_monsterinsights_sitenote_note":"","_monsterinsights_sitenote_category":0,"footnotes":""},"yoast_head":"<!-- This site is optimized with the Yoast SEO plugin v21.2 - https:\/\/yoast.com\/wordpress\/plugins\/seo\/ -->\n<title>Aviso Legal - Mobiltras<\/title>\n<meta name=\"robots\" content=\"index, follow, max-snippet:-1, max-image-preview:large, max-video-preview:-1\" \/>\n<link rel=\"canonical\" href=\"https:\/\/mobiltras.com\/en\/aviso-legal\/\" \/>\n<meta property=\"og:locale\" content=\"en_US\" \/>\n<meta property=\"og:type\" content=\"article\" \/>\n<meta property=\"og:title\" content=\"Aviso Legal - Mobiltras\" \/>\n<meta property=\"og:description\" content=\"AVISO LEGAL Menciones preceptuadas por la Ley 34\/2002, de 11 de julio, de servicios de la sociedad de la informaci\u00f3n y del comercio electr\u00f3nico, art\u00edculo 10, Informaci\u00f3n General: Nombre social : MT Mobiltras Branding, S.L. Domicilio social : C\/ Campoamor, 32 Pol\u00edgono Empresaria Can Fatj\u00f3 del Aurons, 28290 Cerdanyola del Vall\u00e9s Direcci\u00f3n de correo electr\u00f3nico: [&hellip;]\" \/>\n<meta property=\"og:url\" content=\"https:\/\/mobiltras.com\/aviso-legal\/\" \/>\n<meta property=\"og:site_name\" content=\"Mobiltras\" \/>\n<meta property=\"article:publisher\" content=\"https:\/\/www.facebook.com\/mobiltras\/\" \/>\n<meta property=\"article:modified_time\" content=\"2018-04-26T14:50:49+00:00\" \/>\n<meta name=\"twitter:card\" content=\"summary_large_image\" \/>\n<meta name=\"twitter:site\" content=\"@mt_branding\" \/>\n<meta name=\"twitter:label1\" content=\"Est. reading time\" \/>\n\t<meta name=\"twitter:data1\" content=\"6 minutes\" \/>\n<script type=\"application\/ld+json\" class=\"yoast-schema-graph\">{\"@context\":\"https:\/\/schema.org\",\"@graph\":[{\"@type\":\"WebPage\",\"@id\":\"https:\/\/mobiltras.com\/aviso-legal\/\",\"url\":\"https:\/\/mobiltras.com\/aviso-legal\/\",\"name\":\"Aviso Legal - Mobiltras\",\"isPartOf\":{\"@id\":\"https:\/\/mobiltras.com\/#website\"},\"datePublished\":\"2017-07-26T16:15:57+00:00\",\"dateModified\":\"2018-04-26T14:50:49+00:00\",\"breadcrumb\":{\"@id\":\"https:\/\/mobiltras.com\/aviso-legal\/#breadcrumb\"},\"inLanguage\":\"en-US\",\"potentialAction\":[{\"@type\":\"ReadAction\",\"target\":[\"https:\/\/mobiltras.com\/aviso-legal\/\"]}]},{\"@type\":\"BreadcrumbList\",\"@id\":\"https:\/\/mobiltras.com\/aviso-legal\/#breadcrumb\",\"itemListElement\":[{\"@type\":\"ListItem\",\"position\":1,\"name\":\"Inicio\",\"item\":\"https:\/\/mobiltras.com\/\"},{\"@type\":\"ListItem\",\"position\":2,\"name\":\"Aviso Legal\"}]},{\"@type\":\"WebSite\",\"@id\":\"https:\/\/mobiltras.com\/#website\",\"url\":\"https:\/\/mobiltras.com\/\",\"name\":\"Mobiltras\",\"description\":\"Soluciones Integrales de Comunicaci\u00f3n\",\"publisher\":{\"@id\":\"https:\/\/mobiltras.com\/#organization\"},\"potentialAction\":[{\"@type\":\"SearchAction\",\"target\":{\"@type\":\"EntryPoint\",\"urlTemplate\":\"https:\/\/mobiltras.com\/?s={search_term_string}\"},\"query-input\":\"required name=search_term_string\"}],\"inLanguage\":\"en-US\"},{\"@type\":\"Organization\",\"@id\":\"https:\/\/mobiltras.com\/#organization\",\"name\":\"MT Mobiltra\u00e7 Branding\",\"url\":\"https:\/\/mobiltras.com\/\",\"logo\":{\"@type\":\"ImageObject\",\"inLanguage\":\"en-US\",\"@id\":\"https:\/\/mobiltras.com\/#\/schema\/logo\/image\/\",\"url\":\"https:\/\/mtbranding.eu\/wp-content\/uploads\/2018\/09\/logoMT_2018.png\",\"contentUrl\":\"https:\/\/mtbranding.eu\/wp-content\/uploads\/2018\/09\/logoMT_2018.png\",\"width\":816,\"height\":369,\"caption\":\"MT Mobiltra\u00e7 Branding\"},\"image\":{\"@id\":\"https:\/\/mobiltras.com\/#\/schema\/logo\/image\/\"},\"sameAs\":[\"https:\/\/www.facebook.com\/mobiltras\/\",\"https:\/\/twitter.com\/mt_branding\",\"https:\/\/www.instagram.com\/mt.mobiltras\/\",\"https:\/\/www.linkedin.com\/company\/mtmobiltrasbranding\",\"https:\/\/www.youtube.com\/channel\/UCoKRO4IbOLeN3LT2ISsfEqA\"]}]}<\/script>\n<!-- \/ Yoast SEO plugin. -->","yoast_head_json":{"title":"Aviso Legal - Mobiltras","robots":{"index":"index","follow":"follow","max-snippet":"max-snippet:-1","max-image-preview":"max-image-preview:large","max-video-preview":"max-video-preview:-1"},"canonical":"https:\/\/mobiltras.com\/en\/aviso-legal\/","og_locale":"en_US","og_type":"article","og_title":"Aviso Legal - Mobiltras","og_description":"AVISO LEGAL Menciones preceptuadas por la Ley 34\/2002, de 11 de julio, de servicios de la sociedad de la informaci\u00f3n y del comercio electr\u00f3nico, art\u00edculo 10, Informaci\u00f3n General: Nombre social : MT Mobiltras Branding, S.L. Domicilio social : C\/ Campoamor, 32 Pol\u00edgono Empresaria Can Fatj\u00f3 del Aurons, 28290 Cerdanyola del Vall\u00e9s Direcci\u00f3n de correo electr\u00f3nico: [&hellip;]","og_url":"https:\/\/mobiltras.com\/aviso-legal\/","og_site_name":"Mobiltras","article_publisher":"https:\/\/www.facebook.com\/mobiltras\/","article_modified_time":"2018-04-26T14:50:49+00:00","twitter_card":"summary_large_image","twitter_site":"@mt_branding","twitter_misc":{"Est. reading time":"6 minutes"},"schema":{"@context":"https:\/\/schema.org","@graph":[{"@type":"WebPage","@id":"https:\/\/mobiltras.com\/aviso-legal\/","url":"https:\/\/mobiltras.com\/aviso-legal\/","name":"Aviso Legal - Mobiltras","isPartOf":{"@id":"https:\/\/mobiltras.com\/#website"},"datePublished":"2017-07-26T16:15:57+00:00","dateModified":"2018-04-26T14:50:49+00:00","breadcrumb":{"@id":"https:\/\/mobiltras.com\/aviso-legal\/#breadcrumb"},"inLanguage":"en-US","potentialAction":[{"@type":"ReadAction","target":["https:\/\/mobiltras.com\/aviso-legal\/"]}]},{"@type":"BreadcrumbList","@id":"https:\/\/mobiltras.com\/aviso-legal\/#breadcrumb","itemListElement":[{"@type":"ListItem","position":1,"name":"Inicio","item":"https:\/\/mobiltras.com\/"},{"@type":"ListItem","position":2,"name":"Aviso Legal"}]},{"@type":"WebSite","@id":"https:\/\/mobiltras.com\/#website","url":"https:\/\/mobiltras.com\/","name":"Mobiltras","description":"Soluciones Integrales de Comunicaci\u00f3n","publisher":{"@id":"https:\/\/mobiltras.com\/#organization"},"potentialAction":[{"@type":"SearchAction","target":{"@type":"EntryPoint","urlTemplate":"https:\/\/mobiltras.com\/?s={search_term_string}"},"query-input":"required name=search_term_string"}],"inLanguage":"en-US"},{"@type":"Organization","@id":"https:\/\/mobiltras.com\/#organization","name":"MT Mobiltra\u00e7 Branding","url":"https:\/\/mobiltras.com\/","logo":{"@type":"ImageObject","inLanguage":"en-US","@id":"https:\/\/mobiltras.com\/#\/schema\/logo\/image\/","url":"https:\/\/mtbranding.eu\/wp-content\/uploads\/2018\/09\/logoMT_2018.png","contentUrl":"https:\/\/mtbranding.eu\/wp-content\/uploads\/2018\/09\/logoMT_2018.png","width":816,"height":369,"caption":"MT Mobiltra\u00e7 Branding"},"image":{"@id":"https:\/\/mobiltras.com\/#\/schema\/logo\/image\/"},"sameAs":["https:\/\/www.facebook.com\/mobiltras\/","https:\/\/twitter.com\/mt_branding","https:\/\/www.instagram.com\/mt.mobiltras\/","https:\/\/www.linkedin.com\/company\/mtmobiltrasbranding","https:\/\/www.youtube.com\/channel\/UCoKRO4IbOLeN3LT2ISsfEqA"]}]}},"_links":{"self":[{"href":"https:\/\/mobiltras.com\/en\/wp-json\/wp\/v2\/pages\/1630\/"}],"collection":[{"href":"https:\/\/mobiltras.com\/en\/wp-json\/wp\/v2\/pages\/"}],"about":[{"href":"https:\/\/mobiltras.com\/en\/wp-json\/wp\/v2\/types\/page\/"}],"author":[{"embeddable":true,"href":"https:\/\/mobiltras.com\/en\/wp-json\/wp\/v2\/users\/1\/"}],"replies":[{"embeddable":true,"href":"https:\/\/mobiltras.com\/en\/wp-json\/wp\/v2\/comments\/?post=1630"}],"version-history":[{"count":2,"href":"https:\/\/mobiltras.com\/en\/wp-json\/wp\/v2\/pages\/1630\/revisions\/"}],"predecessor-version":[{"id":1635,"href":"https:\/\/mobiltras.com\/en\/wp-json\/wp\/v2\/pages\/1630\/revisions\/1635\/"}],"wp:attachment":[{"href":"https:\/\/mobiltras.com\/en\/wp-json\/wp\/v2\/media\/?parent=1630"}],"curies":[{"name":"wp","href":"https:\/\/api.w.org\/{rel}","templated":true}]}}